{"id":394,"date":"2026-04-01T16:00:06","date_gmt":"2026-04-01T16:00:06","guid":{"rendered":"https:\/\/phukienxin.click\/?post_type=product&#038;p=394"},"modified":"2026-04-01T16:03:00","modified_gmt":"2026-04-01T16:03:00","slug":"quat-tan-nhiet-laptop","status":"publish","type":"product","link":"https:\/\/phukienxin.click\/index.php\/san-pham\/quat-tan-nhiet-laptop\/","title":{"rendered":"qu\u1ea1t t\u1ea3n nhi\u1ec7t laptop"},"content":{"rendered":"<h3 data-path-to-node=\"5\">\ud83d\ude80 \u0110\u1eb7c \u0111i\u1ec3m n\u1ed5i b\u1eadt c\u1ee7a qu\u1ea1t t\u1ea3n nhi\u1ec7t laptop<\/h3>\n<ul data-path-to-node=\"6\">\n<li>\n<p data-path-to-node=\"6,0,0\"><b data-path-to-node=\"6,0,0\" data-index-in-node=\"0\">C\u00f4ng su\u1ea5t l\u00e0m m\u00e1t m\u1ea1nh m\u1ebd:<\/b> Trang b\u1ecb h\u1ec7 th\u1ed1ng qu\u1ea1t l\u1edbn v\u1edbi t\u1ed1c \u0111\u1ed9 v\u00f2ng quay cao, gi\u00fap \u0111\u1ea9y h\u01a1i n\u00f3ng ra ngo\u00e0i t\u1ee9c th\u00ec, h\u1ea1 nhi\u1ec7t CPU v\u00e0 GPU hi\u1ec7u qu\u1ea3.<\/p>\n<\/li>\n<li>\n<p data-path-to-node=\"6,1,0\"><b data-path-to-node=\"6,1,0\" data-index-in-node=\"0\">V\u1eadn h\u00e0nh \u00eam \u00e1i:<\/b> D\u00f9 c\u00f3 c\u00f4ng su\u1ea5t l\u1edbn nh\u01b0ng qu\u1ea1t ho\u1ea1t \u0111\u1ed9ng c\u1ef1c k\u1ef3 y\u00ean t\u0129nh, kh\u00f4ng g\u00e2y ti\u1ebfng \u1ed3n kh\u00f3 ch\u1ecbu, gi\u00fap b\u1ea1n t\u1eadp trung t\u1ed1i \u0111a v\u00e0o c\u00f4ng vi\u1ec7c.<\/p>\n<\/li>\n<li>\n<p data-path-to-node=\"6,2,0\"><b data-path-to-node=\"6,2,0\" data-index-in-node=\"0\">Thi\u1ebft k\u1ebf c\u00f4ng th\u00e1i h\u1ecdc:<\/b> \u0110\u1ebf t\u1ea3n nhi\u1ec7t c\u00f3 c\u00e1c n\u1ea5c \u0111i\u1ec1u ch\u1ec9nh \u0111\u1ed9 cao linh ho\u1ea1t, gi\u00fap b\u1ea1n c\u00f3 t\u01b0 th\u1ebf ng\u1ed3i l\u00e0m vi\u1ec7c tho\u1ea3i m\u00e1i nh\u1ea5t, tr\u00e1nh m\u1ecfi c\u1ed5 v\u00e0 vai g\u00e1y.<\/p>\n<\/li>\n<li>\n<p data-path-to-node=\"6,3,0\"><b data-path-to-node=\"6,3,0\" data-index-in-node=\"0\">\u0110\u00e8n LED Gaming b\u1eaft m\u1eaft:<\/b> H\u1ec7 th\u1ed1ng \u0111\u00e8n LED xanh\/RGB t\u00edch h\u1ee3p kh\u00f4ng ch\u1ec9 l\u00e0m m\u00e1t m\u00e0 c\u00f2n trang tr\u00ed cho g\u00f3c l\u00e0m vi\u1ec7c th\u00eam sinh \u0111\u1ed9ng.<\/p>\n<\/li>\n<\/ul>\n<h3 data-path-to-node=\"7\">\u2705 Th\u00f4ng s\u1ed1 k\u1ef9 thu\u1eadt chi ti\u1ebft<\/h3>\n<ul data-path-to-node=\"8\">\n<li>\n<p data-path-to-node=\"8,0,0\"><b data-path-to-node=\"8,0,0\" data-index-in-node=\"0\">K\u00edch th\u01b0\u1edbc h\u1ed7 tr\u1ee3:<\/b> Ph\u00f9 h\u1ee3p cho laptop t\u1eeb 13 inch \u0111\u1ebfn 17 inch.<\/p>\n<\/li>\n<li>\n<p data-path-to-node=\"8,1,0\"><b data-path-to-node=\"8,1,0\" data-index-in-node=\"0\">C\u1ed5ng k\u1ebft n\u1ed1i:<\/b> 2 c\u1ed5ng USB ti\u1ec7n l\u1ee3i (1 c\u1ed5ng ngu\u1ed3n, 1 c\u1ed5ng k\u1ebft n\u1ed1i thi\u1ebft b\u1ecb ngo\u1ea1i vi).<\/p>\n<\/li>\n<li>\n<p data-path-to-node=\"8,2,0\"><b data-path-to-node=\"8,2,0\" data-index-in-node=\"0\">Ch\u1ea5t li\u1ec7u:<\/b> L\u01b0\u1edbi kim lo\u1ea1i cao c\u1ea5p gi\u00fap tho\u00e1t nhi\u1ec7t nhanh v\u00e0 nh\u1ef1a ABS b\u1ec1n b\u1ec9.<\/p>\n<\/li>\n<li>\n<p data-path-to-node=\"8,3,0\"><b data-path-to-node=\"8,3,0\" data-index-in-node=\"0\">T\u1ed1c \u0111\u1ed9 qu\u1ea1t:<\/b> C\u00f3 n\u00fat \u0111i\u1ec1u ch\u1ec9nh t\u1ed1c \u0111\u1ed9 gi\u00f3 theo nhu c\u1ea7u s\u1eed d\u1ee5ng.<\/p>\n<\/li>\n<\/ul>\n<h3 data-path-to-node=\"9\">\ud83d\udc8e T\u1ea1i sao n\u00ean mua h\u00e0ng t\u1ea1i Ph\u1ee5 Ki\u1ec7n Xinh?<\/h3>\n<ol start=\"1\" data-path-to-node=\"10\">\n<li>\n<p data-path-to-node=\"10,0,0\"><b data-path-to-node=\"10,0,0\" data-index-in-node=\"0\">Ch\u1ea5t l\u01b0\u1ee3ng \u0111\u1ea3m b\u1ea3o:<\/b> H\u00e0ng ch\u00ednh h\u00e3ng, \u0111\u1ed9 b\u1ec1n cao.<\/p>\n<\/li>\n<li>\n<p data-path-to-node=\"10,1,0\"><b data-path-to-node=\"10,1,0\" data-index-in-node=\"0\">B\u1ea3o h\u00e0nh uy t\u00edn:<\/b> \u0110\u1ed5i m\u1edbi trong 7 ng\u00e0y n\u1ebfu c\u00f3 l\u1ed7i k\u1ef9 thu\u1eadt.<\/p>\n<\/li>\n<li>\n<p data-path-to-node=\"10,2,0\"><b data-path-to-node=\"10,2,0\" data-index-in-node=\"0\">Gi\u00e1 c\u1ea3 c\u1ea1nh tranh:<\/b> Lu\u00f4n c\u00f3 m\u1ee9c gi\u00e1 t\u1ed1t nh\u1ea5t th\u1ecb tr\u01b0\u1eddng k\u00e8m \u01b0u \u0111\u00e3i h\u1ea5p d\u1eabn.<\/p>\n<\/li>\n<\/ol>\n","protected":false},"excerpt":{"rendered":"<p>\ud83d\ude80 \u0110\u1eb7c \u0111i\u1ec3m n\u1ed5i b\u1eadt c\u1ee7a qu\u1ea1t t\u1ea3n nhi\u1ec7t laptop C\u00f4ng su\u1ea5t l\u00e0m m\u00e1t m\u1ea1nh m\u1ebd: Trang b\u1ecb h\u1ec7 th\u1ed1ng qu\u1ea1t l\u1edbn v\u1edbi t\u1ed1c \u0111\u1ed9 v\u00f2ng quay cao, gi\u00fap \u0111\u1ea9y h\u01a1i n\u00f3ng ra ngo\u00e0i t\u1ee9c th\u00ec, h\u1ea1 nhi\u1ec7t CPU v\u00e0 GPU hi\u1ec7u qu\u1ea3. V\u1eadn h\u00e0nh \u00eam \u00e1i: D\u00f9 c\u00f3 c\u00f4ng su\u1ea5t l\u1edbn nh\u01b0ng qu\u1ea1t ho\u1ea1t [&hellip;]<\/p>\n","protected":false},"featured_media":396,"comment_status":"open","ping_status":"closed","template":"","meta":{"_eb_attr":""},"product_brand":[],"product_cat":[20],"product_tag":[],"class_list":{"0":"post-394","1":"product","2":"type-product","3":"status-publish","4":"has-post-thumbnail","6":"product_cat-chua-phan-loai","8":"first","9":"instock","10":"shipping-taxable","11":"product-type-simple"},"yoast_head":"<!-- This site is optimized with the Yoast SEO plugin v27.4 - https:\/\/yoast.com\/product\/yoast-seo-wordpress\/ -->\n<title>Qu\u1ea1t t\u1ea3n nhi\u1ec7t laptop RGB gi\u00e1 r\u1ebb, l\u00e0m m\u00e1t nhanh, \u00eam, b\u1ec1n 2026 - Phukienxin.<\/title>\n<meta name=\"description\" content=\"Qu\u1ea1t t\u1ea3n nhi\u1ec7t laptop RGB l\u00e0m m\u00e1t nhanh, gi\u1ea3m nhi\u1ec7t hi\u1ec7u qu\u1ea3, ch\u1ea1y \u00eam, b\u1ec1n. Thi\u1ebft k\u1ebf \u0111\u1eb9p, ph\u00f9 h\u1ee3p gaming v\u00e0 v\u0103n ph\u00f2ng, gi\u00e1 r\u1ebb, mua ngay!\" \/>\n<meta name=\"robots\" content=\"index, follow, max-snippet:-1, max-image-preview:large, max-video-preview:-1\" \/>\n<link rel=\"canonical\" href=\"https:\/\/phukienxin.click\/index.php\/san-pham\/quat-tan-nhiet-laptop\/\" \/>\n<meta property=\"og:locale\" content=\"vi_VN\" \/>\n<meta property=\"og:type\" content=\"article\" \/>\n<meta property=\"og:title\" content=\"Qu\u1ea1t t\u1ea3n nhi\u1ec7t laptop RGB gi\u00e1 r\u1ebb, l\u00e0m m\u00e1t nhanh, \u00eam, b\u1ec1n 2026 - Phukienxin.\" \/>\n<meta property=\"og:description\" content=\"Qu\u1ea1t t\u1ea3n nhi\u1ec7t laptop RGB l\u00e0m m\u00e1t nhanh, gi\u1ea3m nhi\u1ec7t hi\u1ec7u qu\u1ea3, ch\u1ea1y \u00eam, b\u1ec1n. Thi\u1ebft k\u1ebf \u0111\u1eb9p, ph\u00f9 h\u1ee3p gaming v\u00e0 v\u0103n ph\u00f2ng, gi\u00e1 r\u1ebb, mua ngay!\" \/>\n<meta property=\"og:url\" content=\"https:\/\/phukienxin.click\/index.php\/san-pham\/quat-tan-nhiet-laptop\/\" \/>\n<meta property=\"og:site_name\" content=\"Phukienxin.\" \/>\n<meta property=\"article:modified_time\" content=\"2026-04-01T16:03:00+00:00\" \/>\n<meta property=\"og:image\" content=\"https:\/\/phukienxin.click\/wp-content\/uploads\/2026\/04\/tai-xuong-1-1.jpg\" \/>\n\t<meta property=\"og:image:width\" content=\"274\" \/>\n\t<meta property=\"og:image:height\" content=\"184\" \/>\n\t<meta property=\"og:image:type\" content=\"image\/jpeg\" \/>\n<meta name=\"twitter:card\" content=\"summary_large_image\" \/>\n<meta name=\"twitter:label1\" content=\"\u01af\u1edbc t\u00ednh th\u1eddi gian \u0111\u1ecdc\" \/>\n\t<meta name=\"twitter:data1\" content=\"2 ph\u00fat\" \/>\n<script type=\"application\/ld+json\" class=\"yoast-schema-graph\">{\"@context\":\"https:\\\/\\\/schema.org\",\"@graph\":[{\"@type\":\"WebPage\",\"@id\":\"https:\\\/\\\/phukienxin.click\\\/index.php\\\/san-pham\\\/quat-tan-nhiet-laptop\\\/\",\"url\":\"https:\\\/\\\/phukienxin.click\\\/index.php\\\/san-pham\\\/quat-tan-nhiet-laptop\\\/\",\"name\":\"Qu\u1ea1t t\u1ea3n nhi\u1ec7t laptop RGB gi\u00e1 r\u1ebb, l\u00e0m m\u00e1t nhanh, \u00eam, b\u1ec1n 2026 - Phukienxin.\",\"isPartOf\":{\"@id\":\"https:\\\/\\\/phukienxin.click\\\/#website\"},\"primaryImageOfPage\":{\"@id\":\"https:\\\/\\\/phukienxin.click\\\/index.php\\\/san-pham\\\/quat-tan-nhiet-laptop\\\/#primaryimage\"},\"image\":{\"@id\":\"https:\\\/\\\/phukienxin.click\\\/index.php\\\/san-pham\\\/quat-tan-nhiet-laptop\\\/#primaryimage\"},\"thumbnailUrl\":\"https:\\\/\\\/phukienxin.click\\\/wp-content\\\/uploads\\\/2026\\\/04\\\/tai-xuong-1-1.jpg\",\"datePublished\":\"2026-04-01T16:00:06+00:00\",\"dateModified\":\"2026-04-01T16:03:00+00:00\",\"description\":\"Qu\u1ea1t t\u1ea3n nhi\u1ec7t laptop RGB l\u00e0m m\u00e1t nhanh, gi\u1ea3m nhi\u1ec7t hi\u1ec7u qu\u1ea3, ch\u1ea1y \u00eam, b\u1ec1n. Thi\u1ebft k\u1ebf \u0111\u1eb9p, ph\u00f9 h\u1ee3p gaming v\u00e0 v\u0103n ph\u00f2ng, gi\u00e1 r\u1ebb, mua ngay!\",\"breadcrumb\":{\"@id\":\"https:\\\/\\\/phukienxin.click\\\/index.php\\\/san-pham\\\/quat-tan-nhiet-laptop\\\/#breadcrumb\"},\"inLanguage\":\"vi\",\"potentialAction\":[{\"@type\":\"ReadAction\",\"target\":[\"https:\\\/\\\/phukienxin.click\\\/index.php\\\/san-pham\\\/quat-tan-nhiet-laptop\\\/\"]}]},{\"@type\":\"ImageObject\",\"inLanguage\":\"vi\",\"@id\":\"https:\\\/\\\/phukienxin.click\\\/index.php\\\/san-pham\\\/quat-tan-nhiet-laptop\\\/#primaryimage\",\"url\":\"https:\\\/\\\/phukienxin.click\\\/wp-content\\\/uploads\\\/2026\\\/04\\\/tai-xuong-1-1.jpg\",\"contentUrl\":\"https:\\\/\\\/phukienxin.click\\\/wp-content\\\/uploads\\\/2026\\\/04\\\/tai-xuong-1-1.jpg\",\"width\":274,\"height\":184},{\"@type\":\"BreadcrumbList\",\"@id\":\"https:\\\/\\\/phukienxin.click\\\/index.php\\\/san-pham\\\/quat-tan-nhiet-laptop\\\/#breadcrumb\",\"itemListElement\":[{\"@type\":\"ListItem\",\"position\":1,\"name\":\"Trang ch\u1ee7\",\"item\":\"https:\\\/\\\/phukienxin.click\\\/\"},{\"@type\":\"ListItem\",\"position\":2,\"name\":\"Qu\u1ea1t t\u1ea3n nhi\u1ec7t\",\"item\":\"https:\\\/\\\/phukienxin.click\\\/?page_id=108\"},{\"@type\":\"ListItem\",\"position\":3,\"name\":\"qu\u1ea1t t\u1ea3n nhi\u1ec7t laptop\"}]},{\"@type\":\"WebSite\",\"@id\":\"https:\\\/\\\/phukienxin.click\\\/#website\",\"url\":\"https:\\\/\\\/phukienxin.click\\\/\",\"name\":\"Phukienxin.\",\"description\":\"\",\"potentialAction\":[{\"@type\":\"SearchAction\",\"target\":{\"@type\":\"EntryPoint\",\"urlTemplate\":\"https:\\\/\\\/phukienxin.click\\\/?s={search_term_string}\"},\"query-input\":{\"@type\":\"PropertyValueSpecification\",\"valueRequired\":true,\"valueName\":\"search_term_string\"}}],\"inLanguage\":\"vi\"}]}<\/script>\n<!-- \/ Yoast SEO plugin. -->","yoast_head_json":{"title":"Qu\u1ea1t t\u1ea3n nhi\u1ec7t laptop RGB gi\u00e1 r\u1ebb, l\u00e0m m\u00e1t nhanh, \u00eam, b\u1ec1n 2026 - Phukienxin.","description":"Qu\u1ea1t t\u1ea3n nhi\u1ec7t laptop RGB l\u00e0m m\u00e1t nhanh, gi\u1ea3m nhi\u1ec7t hi\u1ec7u qu\u1ea3, ch\u1ea1y \u00eam, b\u1ec1n. Thi\u1ebft k\u1ebf \u0111\u1eb9p, ph\u00f9 h\u1ee3p gaming v\u00e0 v\u0103n ph\u00f2ng, gi\u00e1 r\u1ebb, mua ngay!","robots":{"index":"index","follow":"follow","max-snippet":"max-snippet:-1","max-image-preview":"max-image-preview:large","max-video-preview":"max-video-preview:-1"},"canonical":"https:\/\/phukienxin.click\/index.php\/san-pham\/quat-tan-nhiet-laptop\/","og_locale":"vi_VN","og_type":"article","og_title":"Qu\u1ea1t t\u1ea3n nhi\u1ec7t laptop RGB gi\u00e1 r\u1ebb, l\u00e0m m\u00e1t nhanh, \u00eam, b\u1ec1n 2026 - Phukienxin.","og_description":"Qu\u1ea1t t\u1ea3n nhi\u1ec7t laptop RGB l\u00e0m m\u00e1t nhanh, gi\u1ea3m nhi\u1ec7t hi\u1ec7u qu\u1ea3, ch\u1ea1y \u00eam, b\u1ec1n. Thi\u1ebft k\u1ebf \u0111\u1eb9p, ph\u00f9 h\u1ee3p gaming v\u00e0 v\u0103n ph\u00f2ng, gi\u00e1 r\u1ebb, mua ngay!","og_url":"https:\/\/phukienxin.click\/index.php\/san-pham\/quat-tan-nhiet-laptop\/","og_site_name":"Phukienxin.","article_modified_time":"2026-04-01T16:03:00+00:00","og_image":[{"width":274,"height":184,"url":"https:\/\/phukienxin.click\/wp-content\/uploads\/2026\/04\/tai-xuong-1-1.jpg","type":"image\/jpeg"}],"twitter_card":"summary_large_image","twitter_misc":{"\u01af\u1edbc t\u00ednh th\u1eddi gian \u0111\u1ecdc":"2 ph\u00fat"},"schema":{"@context":"https:\/\/schema.org","@graph":[{"@type":"WebPage","@id":"https:\/\/phukienxin.click\/index.php\/san-pham\/quat-tan-nhiet-laptop\/","url":"https:\/\/phukienxin.click\/index.php\/san-pham\/quat-tan-nhiet-laptop\/","name":"Qu\u1ea1t t\u1ea3n nhi\u1ec7t laptop RGB gi\u00e1 r\u1ebb, l\u00e0m m\u00e1t nhanh, \u00eam, b\u1ec1n 2026 - Phukienxin.","isPartOf":{"@id":"https:\/\/phukienxin.click\/#website"},"primaryImageOfPage":{"@id":"https:\/\/phukienxin.click\/index.php\/san-pham\/quat-tan-nhiet-laptop\/#primaryimage"},"image":{"@id":"https:\/\/phukienxin.click\/index.php\/san-pham\/quat-tan-nhiet-laptop\/#primaryimage"},"thumbnailUrl":"https:\/\/phukienxin.click\/wp-content\/uploads\/2026\/04\/tai-xuong-1-1.jpg","datePublished":"2026-04-01T16:00:06+00:00","dateModified":"2026-04-01T16:03:00+00:00","description":"Qu\u1ea1t t\u1ea3n nhi\u1ec7t laptop RGB l\u00e0m m\u00e1t nhanh, gi\u1ea3m nhi\u1ec7t hi\u1ec7u qu\u1ea3, ch\u1ea1y \u00eam, b\u1ec1n. Thi\u1ebft k\u1ebf \u0111\u1eb9p, ph\u00f9 h\u1ee3p gaming v\u00e0 v\u0103n ph\u00f2ng, gi\u00e1 r\u1ebb, mua ngay!","breadcrumb":{"@id":"https:\/\/phukienxin.click\/index.php\/san-pham\/quat-tan-nhiet-laptop\/#breadcrumb"},"inLanguage":"vi","potentialAction":[{"@type":"ReadAction","target":["https:\/\/phukienxin.click\/index.php\/san-pham\/quat-tan-nhiet-laptop\/"]}]},{"@type":"ImageObject","inLanguage":"vi","@id":"https:\/\/phukienxin.click\/index.php\/san-pham\/quat-tan-nhiet-laptop\/#primaryimage","url":"https:\/\/phukienxin.click\/wp-content\/uploads\/2026\/04\/tai-xuong-1-1.jpg","contentUrl":"https:\/\/phukienxin.click\/wp-content\/uploads\/2026\/04\/tai-xuong-1-1.jpg","width":274,"height":184},{"@type":"BreadcrumbList","@id":"https:\/\/phukienxin.click\/index.php\/san-pham\/quat-tan-nhiet-laptop\/#breadcrumb","itemListElement":[{"@type":"ListItem","position":1,"name":"Trang ch\u1ee7","item":"https:\/\/phukienxin.click\/"},{"@type":"ListItem","position":2,"name":"Qu\u1ea1t t\u1ea3n nhi\u1ec7t","item":"https:\/\/phukienxin.click\/?page_id=108"},{"@type":"ListItem","position":3,"name":"qu\u1ea1t t\u1ea3n nhi\u1ec7t laptop"}]},{"@type":"WebSite","@id":"https:\/\/phukienxin.click\/#website","url":"https:\/\/phukienxin.click\/","name":"Phukienxin.","description":"","potentialAction":[{"@type":"SearchAction","target":{"@type":"EntryPoint","urlTemplate":"https:\/\/phukienxin.click\/?s={search_term_string}"},"query-input":{"@type":"PropertyValueSpecification","valueRequired":true,"valueName":"search_term_string"}}],"inLanguage":"vi"}]}},"jetpack_sharing_enabled":true,"_links":{"self":[{"href":"https:\/\/phukienxin.click\/index.php\/wp-json\/wp\/v2\/product\/394","targetHints":{"allow":["GET"]}}],"collection":[{"href":"https:\/\/phukienxin.click\/index.php\/wp-json\/wp\/v2\/product"}],"about":[{"href":"https:\/\/phukienxin.click\/index.php\/wp-json\/wp\/v2\/types\/product"}],"replies":[{"embeddable":true,"href":"https:\/\/phukienxin.click\/index.php\/wp-json\/wp\/v2\/comments?post=394"}],"wp:featuredmedia":[{"embeddable":true,"href":"https:\/\/phukienxin.click\/index.php\/wp-json\/wp\/v2\/media\/396"}],"wp:attachment":[{"href":"https:\/\/phukienxin.click\/index.php\/wp-json\/wp\/v2\/media?parent=394"}],"wp:term":[{"taxonomy":"product_brand","embeddable":true,"href":"https:\/\/phukienxin.click\/index.php\/wp-json\/wp\/v2\/product_brand?post=394"},{"taxonomy":"product_cat","embeddable":true,"href":"https:\/\/phukienxin.click\/index.php\/wp-json\/wp\/v2\/product_cat?post=394"},{"taxonomy":"product_tag","embeddable":true,"href":"https:\/\/phukienxin.click\/index.php\/wp-json\/wp\/v2\/product_tag?post=394"}],"curies":[{"name":"wp","href":"https:\/\/api.w.org\/{rel}","templated":true}]}}