{"id":390,"date":"2026-04-01T16:08:23","date_gmt":"2026-04-01T16:08:23","guid":{"rendered":"https:\/\/phukienxin.click\/?post_type=product&#038;p=390"},"modified":"2026-04-01T16:09:45","modified_gmt":"2026-04-01T16:09:45","slug":"de-sac-khong-day","status":"publish","type":"product","link":"https:\/\/phukienxin.click\/index.php\/san-pham\/de-sac-khong-day\/","title":{"rendered":"\u0110\u1ebf s\u1ea1c kh\u00f4ng d\u00e2y"},"content":{"rendered":"<h2 data-section-id=\"1nc6fug\" data-start=\"167\" data-end=\"229\"><span role=\"text\"><strong data-start=\"170\" data-end=\"229\">\u0110\u1ebf S\u1ea1c Kh\u00f4ng D\u00e2y \u0110i\u1ec7n Tho\u1ea1i Ti\u1ec7n L\u1ee3i, S\u1ea1c Nhanh \u1ed4n \u0110\u1ecbnh<\/strong><\/span><\/h2>\n<p data-start=\"231\" data-end=\"423\"><strong data-start=\"231\" data-end=\"262\">\u0110\u1ebf s\u1ea1c kh\u00f4ng d\u00e2y \u0111i\u1ec7n tho\u1ea1i<\/strong> l\u00e0 ph\u1ee5 ki\u1ec7n hi\u1ec7n \u0111\u1ea1i gi\u00fap ng\u01b0\u1eddi d\u00f9ng s\u1ea1c pin nhanh ch\u00f3ng m\u00e0 kh\u00f4ng c\u1ea7n d\u00f9ng d\u00e2y c\u00e1p. S\u1ea3n ph\u1ea9m mang l\u1ea1i s\u1ef1 ti\u1ec7n l\u1ee3i v\u00e0 g\u1ecdn g\u00e0ng trong qu\u00e1 tr\u00ecnh s\u1eed d\u1ee5ng h\u1eb1ng ng\u00e0y.<\/p>\n<p data-start=\"425\" data-end=\"619\">Thi\u1ebft k\u1ebf c\u1ee7a <strong data-start=\"438\" data-end=\"469\">\u0111\u1ebf s\u1ea1c kh\u00f4ng d\u00e2y \u0111i\u1ec7n tho\u1ea1i<\/strong> nh\u1ecf g\u1ecdn v\u00e0 tinh t\u1ebf. Ng\u01b0\u1eddi d\u00f9ng c\u00f3 th\u1ec3 d\u1ec5 d\u00e0ng mang theo khi \u0111i l\u00e0m, \u0111i h\u1ecdc ho\u1eb7c du l\u1ecbch. S\u1ea3n ph\u1ea9m ph\u00f9 h\u1ee3p s\u1eed d\u1ee5ng t\u1ea1i nh\u00e0, v\u0103n ph\u00f2ng ho\u1eb7c b\u1ea5t c\u1ee9 \u0111\u00e2u.<\/p>\n<p data-start=\"621\" data-end=\"793\">\u0110\u1ebf s\u1ea1c h\u1ed7 tr\u1ee3 c\u00f4ng ngh\u1ec7 s\u1ea1c nhanh. Thi\u1ebft b\u1ecb gi\u00fap ti\u1ebft ki\u1ec7m th\u1eddi gian v\u00e0 \u0111\u1ea3m b\u1ea3o ngu\u1ed3n \u0111i\u1ec7n \u1ed5n \u0111\u1ecbnh. Ng\u01b0\u1eddi d\u00f9ng ch\u1ec9 c\u1ea7n \u0111\u1eb7t \u0111i\u1ec7n tho\u1ea1i l\u00ean b\u1ec1 m\u1eb7t l\u00e0 c\u00f3 th\u1ec3 s\u1ea1c ngay l\u1eadp t\u1ee9c.<\/p>\n<p data-start=\"795\" data-end=\"992\"><strong data-start=\"795\" data-end=\"826\">\u0110\u1ebf s\u1ea1c kh\u00f4ng d\u00e2y \u0111i\u1ec7n tho\u1ea1i<\/strong> t\u01b0\u01a1ng th\u00edch v\u1edbi nhi\u1ec1u d\u00f2ng smartphone hi\u1ec7n nay. S\u1ea3n ph\u1ea9m ho\u1ea1t \u0111\u1ed9ng \u1ed5n \u0111\u1ecbnh v\u1edbi c\u00e1c thi\u1ebft b\u1ecb h\u1ed7 tr\u1ee3 s\u1ea1c kh\u00f4ng d\u00e2y. \u0110i\u1ec1u n\u00e0y gi\u00fap ng\u01b0\u1eddi d\u00f9ng linh ho\u1ea1t h\u01a1n khi s\u1eed d\u1ee5ng.<\/p>\n<p data-start=\"994\" data-end=\"1147\">B\u1ec1 m\u1eb7t \u0111\u1ebf s\u1ea1c \u0111\u01b0\u1ee3c thi\u1ebft k\u1ebf ch\u1ed1ng tr\u01b0\u1ee3t. \u0110i\u1ec7n tho\u1ea1i \u0111\u01b0\u1ee3c gi\u1eef ch\u1eafc ch\u1eafn trong qu\u00e1 tr\u00ecnh s\u1ea1c. \u0110i\u1ec1u n\u00e0y gi\u00fap h\u1ea1n ch\u1ebf r\u01a1i r\u1edbt v\u00e0 t\u0103ng \u0111\u1ed9 an to\u00e0n khi s\u1eed d\u1ee5ng.<\/p>\n<p data-start=\"1149\" data-end=\"1322\">Ngo\u00e0i ra, s\u1ea3n ph\u1ea9m c\u00f2n \u0111\u01b0\u1ee3c t\u00edch h\u1ee3p t\u00ednh n\u0103ng b\u1ea3o v\u1ec7 an to\u00e0n. \u0110\u1ebf s\u1ea1c gi\u00fap ch\u1ed1ng qu\u00e1 nhi\u1ec7t, qu\u00e1 d\u00f2ng v\u00e0 ng\u1eafn m\u1ea1ch. Ng\u01b0\u1eddi d\u00f9ng c\u00f3 th\u1ec3 y\u00ean t\u00e2m khi s\u1eed d\u1ee5ng trong th\u1eddi gian d\u00e0i.<\/p>\n<p data-start=\"1324\" data-end=\"1475\">Vi\u1ec7c s\u1eed d\u1ee5ng <strong data-start=\"1337\" data-end=\"1368\">\u0111\u1ebf s\u1ea1c kh\u00f4ng d\u00e2y \u0111i\u1ec7n tho\u1ea1i<\/strong> r\u1ea5t \u0111\u01a1n gi\u1ea3n. Ng\u01b0\u1eddi d\u00f9ng kh\u00f4ng c\u1ea7n thao t\u00e1c ph\u1ee9c t\u1ea1p. Ch\u1ec9 c\u1ea7n \u0111\u1eb7t \u0111i\u1ec7n tho\u1ea1i l\u00ean \u0111\u1ebf l\u00e0 c\u00f3 th\u1ec3 b\u1eaft \u0111\u1ea7u s\u1ea1c.<\/p>\n<p data-start=\"1477\" data-end=\"1621\">\u0110\u00e2y l\u00e0 gi\u1ea3i ph\u00e1p s\u1ea1c pin ti\u1ec7n l\u1ee3i v\u00e0 hi\u1ec7n \u0111\u1ea1i. <strong data-start=\"1524\" data-end=\"1555\">\u0110\u1ebf s\u1ea1c kh\u00f4ng d\u00e2y \u0111i\u1ec7n tho\u1ea1i<\/strong> ph\u00f9 h\u1ee3p v\u1edbi m\u1ecdi ng\u01b0\u1eddi d\u00f9ng \u0111ang t\u00ecm ki\u1ebfm s\u1ef1 g\u1ecdn g\u00e0ng v\u00e0 hi\u1ec7u qu\u1ea3.<\/p>\n","protected":false},"excerpt":{"rendered":"<p>\u0110\u1ebf S\u1ea1c Kh\u00f4ng D\u00e2y \u0110i\u1ec7n Tho\u1ea1i Ti\u1ec7n L\u1ee3i, S\u1ea1c Nhanh \u1ed4n \u0110\u1ecbnh \u0110\u1ebf s\u1ea1c kh\u00f4ng d\u00e2y \u0111i\u1ec7n tho\u1ea1i l\u00e0 ph\u1ee5 ki\u1ec7n hi\u1ec7n \u0111\u1ea1i gi\u00fap ng\u01b0\u1eddi d\u00f9ng s\u1ea1c pin nhanh ch\u00f3ng m\u00e0 kh\u00f4ng c\u1ea7n d\u00f9ng d\u00e2y c\u00e1p. S\u1ea3n ph\u1ea9m mang l\u1ea1i s\u1ef1 ti\u1ec7n l\u1ee3i v\u00e0 g\u1ecdn g\u00e0ng trong qu\u00e1 tr\u00ecnh s\u1eed d\u1ee5ng h\u1eb1ng ng\u00e0y. Thi\u1ebft k\u1ebf [&hellip;]<\/p>\n","protected":false},"featured_media":397,"comment_status":"open","ping_status":"closed","template":"","meta":{"_eb_attr":""},"product_brand":[],"product_cat":[20],"product_tag":[],"class_list":{"0":"post-390","1":"product","2":"type-product","3":"status-publish","4":"has-post-thumbnail","6":"product_cat-chua-phan-loai","8":"first","9":"instock","10":"shipping-taxable","11":"product-type-simple"},"yoast_head":"<!-- This site is optimized with the Yoast SEO plugin v27.4 - https:\/\/yoast.com\/product\/yoast-seo-wordpress\/ -->\n<title>\u0110\u1ebf s\u1ea1c kh\u00f4ng d\u00e2y - Phukienxin.<\/title>\n<meta name=\"description\" content=\"\u0110\u1ebf s\u1ea1c kh\u00f4ng d\u00e2y \u0111i\u1ec7n tho\u1ea1i nhanh, thi\u1ebft k\u1ebf nh\u1ecf g\u1ecdn, s\u1ea1c \u1ed5n \u0111\u1ecbnh, t\u01b0\u01a1ng th\u00edch nhi\u1ec1u thi\u1ebft b\u1ecb, ti\u1ec7n l\u1ee3i s\u1eed d\u1ee5ng t\u1ea1i nh\u00e0 ho\u1eb7c v\u0103n ph\u00f2ng.\" \/>\n<meta name=\"robots\" content=\"index, follow, max-snippet:-1, max-image-preview:large, max-video-preview:-1\" \/>\n<link rel=\"canonical\" href=\"https:\/\/phukienxin.click\/index.php\/san-pham\/de-sac-khong-day\/\" \/>\n<meta property=\"og:locale\" content=\"vi_VN\" \/>\n<meta property=\"og:type\" content=\"article\" \/>\n<meta property=\"og:title\" content=\"\u0110\u1ebf s\u1ea1c kh\u00f4ng d\u00e2y - Phukienxin.\" \/>\n<meta property=\"og:description\" content=\"\u0110\u1ebf s\u1ea1c kh\u00f4ng d\u00e2y \u0111i\u1ec7n tho\u1ea1i nhanh, thi\u1ebft k\u1ebf nh\u1ecf g\u1ecdn, s\u1ea1c \u1ed5n \u0111\u1ecbnh, t\u01b0\u01a1ng th\u00edch nhi\u1ec1u thi\u1ebft b\u1ecb, ti\u1ec7n l\u1ee3i s\u1eed d\u1ee5ng t\u1ea1i nh\u00e0 ho\u1eb7c v\u0103n ph\u00f2ng.\" \/>\n<meta property=\"og:url\" content=\"https:\/\/phukienxin.click\/index.php\/san-pham\/de-sac-khong-day\/\" \/>\n<meta property=\"og:site_name\" content=\"Phukienxin.\" \/>\n<meta property=\"article:modified_time\" content=\"2026-04-01T16:09:45+00:00\" \/>\n<meta property=\"og:image\" content=\"https:\/\/phukienxin.click\/wp-content\/uploads\/2026\/04\/images-1.jpg\" \/>\n\t<meta property=\"og:image:width\" content=\"274\" \/>\n\t<meta property=\"og:image:height\" content=\"184\" \/>\n\t<meta property=\"og:image:type\" content=\"image\/jpeg\" \/>\n<meta name=\"twitter:card\" content=\"summary_large_image\" \/>\n<meta name=\"twitter:label1\" content=\"\u01af\u1edbc t\u00ednh th\u1eddi gian \u0111\u1ecdc\" \/>\n\t<meta name=\"twitter:data1\" content=\"2 ph\u00fat\" \/>\n<script type=\"application\/ld+json\" class=\"yoast-schema-graph\">{\"@context\":\"https:\\\/\\\/schema.org\",\"@graph\":[{\"@type\":\"WebPage\",\"@id\":\"https:\\\/\\\/phukienxin.click\\\/index.php\\\/san-pham\\\/de-sac-khong-day\\\/\",\"url\":\"https:\\\/\\\/phukienxin.click\\\/index.php\\\/san-pham\\\/de-sac-khong-day\\\/\",\"name\":\"\u0110\u1ebf s\u1ea1c kh\u00f4ng d\u00e2y - Phukienxin.\",\"isPartOf\":{\"@id\":\"https:\\\/\\\/phukienxin.click\\\/#website\"},\"primaryImageOfPage\":{\"@id\":\"https:\\\/\\\/phukienxin.click\\\/index.php\\\/san-pham\\\/de-sac-khong-day\\\/#primaryimage\"},\"image\":{\"@id\":\"https:\\\/\\\/phukienxin.click\\\/index.php\\\/san-pham\\\/de-sac-khong-day\\\/#primaryimage\"},\"thumbnailUrl\":\"https:\\\/\\\/phukienxin.click\\\/wp-content\\\/uploads\\\/2026\\\/04\\\/images-1.jpg\",\"datePublished\":\"2026-04-01T16:08:23+00:00\",\"dateModified\":\"2026-04-01T16:09:45+00:00\",\"description\":\"\u0110\u1ebf s\u1ea1c kh\u00f4ng d\u00e2y \u0111i\u1ec7n tho\u1ea1i nhanh, thi\u1ebft k\u1ebf nh\u1ecf g\u1ecdn, s\u1ea1c \u1ed5n \u0111\u1ecbnh, t\u01b0\u01a1ng th\u00edch nhi\u1ec1u thi\u1ebft b\u1ecb, ti\u1ec7n l\u1ee3i s\u1eed d\u1ee5ng t\u1ea1i nh\u00e0 ho\u1eb7c v\u0103n ph\u00f2ng.\",\"breadcrumb\":{\"@id\":\"https:\\\/\\\/phukienxin.click\\\/index.php\\\/san-pham\\\/de-sac-khong-day\\\/#breadcrumb\"},\"inLanguage\":\"vi\",\"potentialAction\":[{\"@type\":\"ReadAction\",\"target\":[\"https:\\\/\\\/phukienxin.click\\\/index.php\\\/san-pham\\\/de-sac-khong-day\\\/\"]}]},{\"@type\":\"ImageObject\",\"inLanguage\":\"vi\",\"@id\":\"https:\\\/\\\/phukienxin.click\\\/index.php\\\/san-pham\\\/de-sac-khong-day\\\/#primaryimage\",\"url\":\"https:\\\/\\\/phukienxin.click\\\/wp-content\\\/uploads\\\/2026\\\/04\\\/images-1.jpg\",\"contentUrl\":\"https:\\\/\\\/phukienxin.click\\\/wp-content\\\/uploads\\\/2026\\\/04\\\/images-1.jpg\",\"width\":274,\"height\":184},{\"@type\":\"BreadcrumbList\",\"@id\":\"https:\\\/\\\/phukienxin.click\\\/index.php\\\/san-pham\\\/de-sac-khong-day\\\/#breadcrumb\",\"itemListElement\":[{\"@type\":\"ListItem\",\"position\":1,\"name\":\"Trang ch\u1ee7\",\"item\":\"https:\\\/\\\/phukienxin.click\\\/\"},{\"@type\":\"ListItem\",\"position\":2,\"name\":\"Qu\u1ea1t t\u1ea3n nhi\u1ec7t\",\"item\":\"https:\\\/\\\/phukienxin.click\\\/?page_id=108\"},{\"@type\":\"ListItem\",\"position\":3,\"name\":\"\u0110\u1ebf s\u1ea1c kh\u00f4ng d\u00e2y\"}]},{\"@type\":\"WebSite\",\"@id\":\"https:\\\/\\\/phukienxin.click\\\/#website\",\"url\":\"https:\\\/\\\/phukienxin.click\\\/\",\"name\":\"Phukienxin.\",\"description\":\"\",\"potentialAction\":[{\"@type\":\"SearchAction\",\"target\":{\"@type\":\"EntryPoint\",\"urlTemplate\":\"https:\\\/\\\/phukienxin.click\\\/?s={search_term_string}\"},\"query-input\":{\"@type\":\"PropertyValueSpecification\",\"valueRequired\":true,\"valueName\":\"search_term_string\"}}],\"inLanguage\":\"vi\"}]}<\/script>\n<!-- \/ Yoast SEO plugin. -->","yoast_head_json":{"title":"\u0110\u1ebf s\u1ea1c kh\u00f4ng d\u00e2y - Phukienxin.","description":"\u0110\u1ebf s\u1ea1c kh\u00f4ng d\u00e2y \u0111i\u1ec7n tho\u1ea1i nhanh, thi\u1ebft k\u1ebf nh\u1ecf g\u1ecdn, s\u1ea1c \u1ed5n \u0111\u1ecbnh, t\u01b0\u01a1ng th\u00edch nhi\u1ec1u thi\u1ebft b\u1ecb, ti\u1ec7n l\u1ee3i s\u1eed d\u1ee5ng t\u1ea1i nh\u00e0 ho\u1eb7c v\u0103n ph\u00f2ng.","robots":{"index":"index","follow":"follow","max-snippet":"max-snippet:-1","max-image-preview":"max-image-preview:large","max-video-preview":"max-video-preview:-1"},"canonical":"https:\/\/phukienxin.click\/index.php\/san-pham\/de-sac-khong-day\/","og_locale":"vi_VN","og_type":"article","og_title":"\u0110\u1ebf s\u1ea1c kh\u00f4ng d\u00e2y - Phukienxin.","og_description":"\u0110\u1ebf s\u1ea1c kh\u00f4ng d\u00e2y \u0111i\u1ec7n tho\u1ea1i nhanh, thi\u1ebft k\u1ebf nh\u1ecf g\u1ecdn, s\u1ea1c \u1ed5n \u0111\u1ecbnh, t\u01b0\u01a1ng th\u00edch nhi\u1ec1u thi\u1ebft b\u1ecb, ti\u1ec7n l\u1ee3i s\u1eed d\u1ee5ng t\u1ea1i nh\u00e0 ho\u1eb7c v\u0103n ph\u00f2ng.","og_url":"https:\/\/phukienxin.click\/index.php\/san-pham\/de-sac-khong-day\/","og_site_name":"Phukienxin.","article_modified_time":"2026-04-01T16:09:45+00:00","og_image":[{"width":274,"height":184,"url":"https:\/\/phukienxin.click\/wp-content\/uploads\/2026\/04\/images-1.jpg","type":"image\/jpeg"}],"twitter_card":"summary_large_image","twitter_misc":{"\u01af\u1edbc t\u00ednh th\u1eddi gian \u0111\u1ecdc":"2 ph\u00fat"},"schema":{"@context":"https:\/\/schema.org","@graph":[{"@type":"WebPage","@id":"https:\/\/phukienxin.click\/index.php\/san-pham\/de-sac-khong-day\/","url":"https:\/\/phukienxin.click\/index.php\/san-pham\/de-sac-khong-day\/","name":"\u0110\u1ebf s\u1ea1c kh\u00f4ng d\u00e2y - Phukienxin.","isPartOf":{"@id":"https:\/\/phukienxin.click\/#website"},"primaryImageOfPage":{"@id":"https:\/\/phukienxin.click\/index.php\/san-pham\/de-sac-khong-day\/#primaryimage"},"image":{"@id":"https:\/\/phukienxin.click\/index.php\/san-pham\/de-sac-khong-day\/#primaryimage"},"thumbnailUrl":"https:\/\/phukienxin.click\/wp-content\/uploads\/2026\/04\/images-1.jpg","datePublished":"2026-04-01T16:08:23+00:00","dateModified":"2026-04-01T16:09:45+00:00","description":"\u0110\u1ebf s\u1ea1c kh\u00f4ng d\u00e2y \u0111i\u1ec7n tho\u1ea1i nhanh, thi\u1ebft k\u1ebf nh\u1ecf g\u1ecdn, s\u1ea1c \u1ed5n \u0111\u1ecbnh, t\u01b0\u01a1ng th\u00edch nhi\u1ec1u thi\u1ebft b\u1ecb, ti\u1ec7n l\u1ee3i s\u1eed d\u1ee5ng t\u1ea1i nh\u00e0 ho\u1eb7c v\u0103n ph\u00f2ng.","breadcrumb":{"@id":"https:\/\/phukienxin.click\/index.php\/san-pham\/de-sac-khong-day\/#breadcrumb"},"inLanguage":"vi","potentialAction":[{"@type":"ReadAction","target":["https:\/\/phukienxin.click\/index.php\/san-pham\/de-sac-khong-day\/"]}]},{"@type":"ImageObject","inLanguage":"vi","@id":"https:\/\/phukienxin.click\/index.php\/san-pham\/de-sac-khong-day\/#primaryimage","url":"https:\/\/phukienxin.click\/wp-content\/uploads\/2026\/04\/images-1.jpg","contentUrl":"https:\/\/phukienxin.click\/wp-content\/uploads\/2026\/04\/images-1.jpg","width":274,"height":184},{"@type":"BreadcrumbList","@id":"https:\/\/phukienxin.click\/index.php\/san-pham\/de-sac-khong-day\/#breadcrumb","itemListElement":[{"@type":"ListItem","position":1,"name":"Trang ch\u1ee7","item":"https:\/\/phukienxin.click\/"},{"@type":"ListItem","position":2,"name":"Qu\u1ea1t t\u1ea3n nhi\u1ec7t","item":"https:\/\/phukienxin.click\/?page_id=108"},{"@type":"ListItem","position":3,"name":"\u0110\u1ebf s\u1ea1c kh\u00f4ng d\u00e2y"}]},{"@type":"WebSite","@id":"https:\/\/phukienxin.click\/#website","url":"https:\/\/phukienxin.click\/","name":"Phukienxin.","description":"","potentialAction":[{"@type":"SearchAction","target":{"@type":"EntryPoint","urlTemplate":"https:\/\/phukienxin.click\/?s={search_term_string}"},"query-input":{"@type":"PropertyValueSpecification","valueRequired":true,"valueName":"search_term_string"}}],"inLanguage":"vi"}]}},"jetpack_sharing_enabled":true,"_links":{"self":[{"href":"https:\/\/phukienxin.click\/index.php\/wp-json\/wp\/v2\/product\/390","targetHints":{"allow":["GET"]}}],"collection":[{"href":"https:\/\/phukienxin.click\/index.php\/wp-json\/wp\/v2\/product"}],"about":[{"href":"https:\/\/phukienxin.click\/index.php\/wp-json\/wp\/v2\/types\/product"}],"replies":[{"embeddable":true,"href":"https:\/\/phukienxin.click\/index.php\/wp-json\/wp\/v2\/comments?post=390"}],"wp:featuredmedia":[{"embeddable":true,"href":"https:\/\/phukienxin.click\/index.php\/wp-json\/wp\/v2\/media\/397"}],"wp:attachment":[{"href":"https:\/\/phukienxin.click\/index.php\/wp-json\/wp\/v2\/media?parent=390"}],"wp:term":[{"taxonomy":"product_brand","embeddable":true,"href":"https:\/\/phukienxin.click\/index.php\/wp-json\/wp\/v2\/product_brand?post=390"},{"taxonomy":"product_cat","embeddable":true,"href":"https:\/\/phukienxin.click\/index.php\/wp-json\/wp\/v2\/product_cat?post=390"},{"taxonomy":"product_tag","embeddable":true,"href":"https:\/\/phukienxin.click\/index.php\/wp-json\/wp\/v2\/product_tag?post=390"}],"curies":[{"name":"wp","href":"https:\/\/api.w.org\/{rel}","templated":true}]}}