{"id":389,"date":"2026-04-01T15:57:14","date_gmt":"2026-04-01T15:57:14","guid":{"rendered":"https:\/\/phukienxin.click\/?post_type=product&#038;p=389"},"modified":"2026-04-17T14:16:34","modified_gmt":"2026-04-17T14:16:34","slug":"gay-selfie","status":"publish","type":"product","link":"https:\/\/phukienxin.click\/index.php\/san-pham\/gay-selfie\/","title":{"rendered":"G\u1eady selfie"},"content":{"rendered":"<h1 data-section-id=\"1ysdj3o\" data-start=\"180\" data-end=\"241\">G\u1eady Selfie Bluetooth Cho \u0110i\u1ec7n Tho\u1ea1i \u2013 G\u1eady Ch\u1ee5p \u1ea2nh Ti\u1ec7n L\u1ee3i<\/h1>\n<p data-start=\"243\" data-end=\"284\"><strong data-start=\"243\" data-end=\"261\">T\u1eeb kh\u00f3a ch\u00ednh:<\/strong> g\u1eady selfie bluetooth<\/p>\n<h2 data-section-id=\"28so7f\" data-start=\"286\" data-end=\"320\">Gi\u1edbi thi\u1ec7u g\u1eady selfie bluetooth<\/h2>\n<p data-start=\"322\" data-end=\"616\"><strong data-start=\"322\" data-end=\"346\">G\u1eady selfie bluetooth<\/strong> l\u00e0 ph\u1ee5 ki\u1ec7n \u0111i\u1ec7n tho\u1ea1i gi\u00fap ng\u01b0\u1eddi d\u00f9ng d\u1ec5 d\u00e0ng ch\u1ee5p \u1ea3nh v\u00e0 quay video b\u1eb1ng smartphone. V\u1edbi thi\u1ebft k\u1ebf nh\u1ecf g\u1ecdn, kh\u1ea3 n\u0103ng k\u00e9o d\u00e0i linh ho\u1ea1t v\u00e0 k\u1ebft n\u1ed1i Bluetooth ti\u1ec7n l\u1ee3i, <strong data-start=\"514\" data-end=\"538\">g\u1eady selfie bluetooth<\/strong> gi\u00fap vi\u1ec7c ch\u1ee5p \u1ea3nh nh\u00f3m, selfie c\u00e1 nh\u00e2n ho\u1eb7c quay video tr\u1edf n\u00ean \u0111\u01a1n gi\u1ea3n h\u01a1n.<\/p>\n<p data-start=\"618\" data-end=\"839\">Hi\u1ec7n nay, <strong data-start=\"628\" data-end=\"667\">g\u1eady selfie bluetooth cho \u0111i\u1ec7n tho\u1ea1i<\/strong> \u0111\u01b0\u1ee3c nhi\u1ec1u ng\u01b0\u1eddi s\u1eed d\u1ee5ng khi \u0111i du l\u1ecbch, d\u00e3 ngo\u1ea1i ho\u1eb7c livestream tr\u00ean m\u1ea1ng x\u00e3 h\u1ed9i. Nh\u1edd t\u00ednh ti\u1ec7n l\u1ee3i v\u00e0 d\u1ec5 s\u1eed d\u1ee5ng, g\u1eady selfie \u0111ang tr\u1edf th\u00e0nh ph\u1ee5 ki\u1ec7n c\u00f4ng ngh\u1ec7 ph\u1ed5 bi\u1ebfn.<\/p>\n<h2 data-section-id=\"12exgt5\" data-start=\"841\" data-end=\"876\">\u01afu \u0111i\u1ec3m c\u1ee7a g\u1eady selfie bluetooth<\/h2>\n<h3 data-section-id=\"a58mfz\" data-start=\"878\" data-end=\"912\">Thi\u1ebft k\u1ebf nh\u1ecf g\u1ecdn, d\u1ec5 mang theo<\/h3>\n<p data-start=\"914\" data-end=\"1085\"><strong data-start=\"914\" data-end=\"938\">G\u1eady selfie bluetooth<\/strong> \u0111\u01b0\u1ee3c thi\u1ebft k\u1ebf nh\u1ecf g\u1ecdn v\u00e0 c\u00f3 th\u1ec3 g\u1ea5p l\u1ea1i khi kh\u00f4ng s\u1eed d\u1ee5ng. Ng\u01b0\u1eddi d\u00f9ng c\u00f3 th\u1ec3 d\u1ec5 d\u00e0ng mang theo g\u1eady selfie trong balo ho\u1eb7c t\u00fai x\u00e1ch khi \u0111i du l\u1ecbch.<\/p>\n<h3 data-section-id=\"169m9o6\" data-start=\"1087\" data-end=\"1120\">K\u1ebft n\u1ed1i bluetooth nhanh ch\u00f3ng<\/h3>\n<p data-start=\"1122\" data-end=\"1315\">M\u1ed9t trong nh\u1eefng \u01b0u \u0111i\u1ec3m n\u1ed5i b\u1eadt c\u1ee7a <strong data-start=\"1158\" data-end=\"1197\">g\u1eady selfie bluetooth cho \u0111i\u1ec7n tho\u1ea1i<\/strong> l\u00e0 kh\u1ea3 n\u0103ng k\u1ebft n\u1ed1i nhanh v\u1edbi smartphone. Ch\u1ec9 c\u1ea7n b\u1eadt Bluetooth v\u00e0 k\u1ebft n\u1ed1i, ng\u01b0\u1eddi d\u00f9ng c\u00f3 th\u1ec3 ch\u1ee5p \u1ea3nh t\u1eeb xa d\u1ec5 d\u00e0ng.<\/p>\n<h3 data-section-id=\"laysb2\" data-start=\"1317\" data-end=\"1347\">M\u1edf r\u1ed9ng g\u00f3c ch\u1ee5p linh ho\u1ea1t<\/h3>\n<p data-start=\"1349\" data-end=\"1501\"><strong data-start=\"1349\" data-end=\"1373\">G\u1eady selfie bluetooth<\/strong> c\u00f3 th\u1ec3 k\u00e9o d\u00e0i t\u1eeb 60 \u0111\u1ebfn 100 cm gi\u00fap m\u1edf r\u1ed9ng g\u00f3c ch\u1ee5p. \u0110i\u1ec1u n\u00e0y gi\u00fap ng\u01b0\u1eddi d\u00f9ng ch\u1ee5p \u1ea3nh nh\u00f3m ho\u1eb7c ch\u1ee5p phong c\u1ea3nh d\u1ec5 d\u00e0ng h\u01a1n.<\/p>\n<h3 data-section-id=\"6xwzux\" data-start=\"1503\" data-end=\"1531\">T\u00edch h\u1ee3p tripod ti\u1ec7n l\u1ee3i<\/h3>\n<p data-start=\"1533\" data-end=\"1677\">Nhi\u1ec1u m\u1eabu <strong data-start=\"1543\" data-end=\"1567\">g\u1eady selfie bluetooth<\/strong> hi\u1ec7n nay \u0111\u01b0\u1ee3c t\u00edch h\u1ee3p ch\u00e2n tripod. T\u00ednh n\u0103ng n\u00e0y gi\u00fap \u0111\u1eb7t \u0111i\u1ec7n tho\u1ea1i c\u1ed1 \u0111\u1ecbnh khi quay video ho\u1eb7c livestream.<\/p>\n<h2 data-section-id=\"21x8iz\" data-start=\"1679\" data-end=\"1721\">V\u00ec sao n\u00ean s\u1eed d\u1ee5ng g\u1eady selfie bluetooth<\/h2>\n<p data-start=\"1723\" data-end=\"1805\">S\u1eed d\u1ee5ng <strong data-start=\"1731\" data-end=\"1755\">g\u1eady selfie bluetooth<\/strong> mang l\u1ea1i nhi\u1ec1u l\u1ee3i \u00edch cho ng\u01b0\u1eddi d\u00f9ng \u0111i\u1ec7n tho\u1ea1i:<\/p>\n<ul data-start=\"1807\" data-end=\"1935\">\n<li data-section-id=\"xoigmg\" data-start=\"1807\" data-end=\"1838\">Ch\u1ee5p \u1ea3nh selfie d\u1ec5 d\u00e0ng h\u01a1n<\/li>\n<li data-section-id=\"131tcwp\" data-start=\"1839\" data-end=\"1865\">Ch\u1ee5p \u1ea3nh nh\u00f3m ti\u1ec7n l\u1ee3i<\/li>\n<li data-section-id=\"1oap9um\" data-start=\"1866\" data-end=\"1902\">Quay video v\u00e0 livestream \u1ed5n \u0111\u1ecbnh<\/li>\n<li data-section-id=\"dgz4ef\" data-start=\"1903\" data-end=\"1935\">Thi\u1ebft k\u1ebf g\u1ecdn nh\u1eb9, d\u1ec5 mang theo<\/li>\n<\/ul>\n","protected":false},"excerpt":{"rendered":"<p>G\u1eady Selfie Bluetooth Cho \u0110i\u1ec7n Tho\u1ea1i \u2013 G\u1eady Ch\u1ee5p \u1ea2nh Ti\u1ec7n L\u1ee3i T\u1eeb kh\u00f3a ch\u00ednh: g\u1eady selfie bluetooth Gi\u1edbi thi\u1ec7u g\u1eady selfie bluetooth G\u1eady selfie bluetooth l\u00e0 ph\u1ee5 ki\u1ec7n \u0111i\u1ec7n tho\u1ea1i gi\u00fap ng\u01b0\u1eddi d\u00f9ng d\u1ec5 d\u00e0ng ch\u1ee5p \u1ea3nh v\u00e0 quay video b\u1eb1ng smartphone. V\u1edbi thi\u1ebft k\u1ebf nh\u1ecf g\u1ecdn, kh\u1ea3 n\u0103ng k\u00e9o d\u00e0i linh ho\u1ea1t v\u00e0 [&hellip;]<\/p>\n","protected":false},"featured_media":391,"comment_status":"open","ping_status":"closed","template":"","meta":{"_eb_attr":""},"product_brand":[],"product_cat":[20],"product_tag":[],"class_list":{"0":"post-389","1":"product","2":"type-product","3":"status-publish","4":"has-post-thumbnail","6":"product_cat-chua-phan-loai","8":"first","9":"instock","10":"shipping-taxable","11":"product-type-simple"},"yoast_head":"<!-- This site is optimized with the Yoast SEO plugin v27.4 - https:\/\/yoast.com\/product\/yoast-seo-wordpress\/ -->\n<title>G\u1eady selfie - Phukienxin.<\/title>\n<meta name=\"description\" content=\"G\u1eady selfie bluetooth ch\u1ee5p \u1ea3nh \u0111i\u1ec7n tho\u1ea1i ti\u1ec7n l\u1ee3i, thi\u1ebft k\u1ebf g\u1ecdn nh\u1eb9, d\u1ec5 mang theo. K\u1ebft n\u1ed1i nhanh, \u0111i\u1ec1u khi\u1ec3n t\u1eeb xa, h\u1ed7 tr\u1ee3 ch\u1ee5p \u1ea3nh v\u00e0 quay video \u1ed5n \u0111\u1ecbnh.\" \/>\n<meta name=\"robots\" content=\"index, follow, max-snippet:-1, max-image-preview:large, max-video-preview:-1\" \/>\n<link rel=\"canonical\" href=\"https:\/\/phukienxin.click\/index.php\/san-pham\/gay-selfie\/\" \/>\n<meta property=\"og:locale\" content=\"vi_VN\" \/>\n<meta property=\"og:type\" content=\"article\" \/>\n<meta property=\"og:title\" content=\"G\u1eady selfie - Phukienxin.\" \/>\n<meta property=\"og:description\" content=\"G\u1eady selfie bluetooth ch\u1ee5p \u1ea3nh \u0111i\u1ec7n tho\u1ea1i ti\u1ec7n l\u1ee3i, thi\u1ebft k\u1ebf g\u1ecdn nh\u1eb9, d\u1ec5 mang theo. K\u1ebft n\u1ed1i nhanh, \u0111i\u1ec1u khi\u1ec3n t\u1eeb xa, h\u1ed7 tr\u1ee3 ch\u1ee5p \u1ea3nh v\u00e0 quay video \u1ed5n \u0111\u1ecbnh.\" \/>\n<meta property=\"og:url\" content=\"https:\/\/phukienxin.click\/index.php\/san-pham\/gay-selfie\/\" \/>\n<meta property=\"og:site_name\" content=\"Phukienxin.\" \/>\n<meta property=\"article:modified_time\" content=\"2026-04-17T14:16:34+00:00\" \/>\n<meta property=\"og:image\" content=\"https:\/\/phukienxin.click\/wp-content\/uploads\/2026\/04\/tai-xuong-1.jpg\" \/>\n\t<meta property=\"og:image:width\" content=\"225\" \/>\n\t<meta property=\"og:image:height\" content=\"225\" \/>\n\t<meta property=\"og:image:type\" content=\"image\/jpeg\" \/>\n<meta name=\"twitter:card\" content=\"summary_large_image\" \/>\n<meta name=\"twitter:label1\" content=\"\u01af\u1edbc t\u00ednh th\u1eddi gian \u0111\u1ecdc\" \/>\n\t<meta name=\"twitter:data1\" content=\"3 ph\u00fat\" \/>\n<script type=\"application\/ld+json\" class=\"yoast-schema-graph\">{\"@context\":\"https:\\\/\\\/schema.org\",\"@graph\":[{\"@type\":\"WebPage\",\"@id\":\"https:\\\/\\\/phukienxin.click\\\/index.php\\\/san-pham\\\/gay-selfie\\\/\",\"url\":\"https:\\\/\\\/phukienxin.click\\\/index.php\\\/san-pham\\\/gay-selfie\\\/\",\"name\":\"G\u1eady selfie - Phukienxin.\",\"isPartOf\":{\"@id\":\"https:\\\/\\\/phukienxin.click\\\/#website\"},\"primaryImageOfPage\":{\"@id\":\"https:\\\/\\\/phukienxin.click\\\/index.php\\\/san-pham\\\/gay-selfie\\\/#primaryimage\"},\"image\":{\"@id\":\"https:\\\/\\\/phukienxin.click\\\/index.php\\\/san-pham\\\/gay-selfie\\\/#primaryimage\"},\"thumbnailUrl\":\"https:\\\/\\\/phukienxin.click\\\/wp-content\\\/uploads\\\/2026\\\/04\\\/tai-xuong-1.jpg\",\"datePublished\":\"2026-04-01T15:57:14+00:00\",\"dateModified\":\"2026-04-17T14:16:34+00:00\",\"description\":\"G\u1eady selfie bluetooth ch\u1ee5p \u1ea3nh \u0111i\u1ec7n tho\u1ea1i ti\u1ec7n l\u1ee3i, thi\u1ebft k\u1ebf g\u1ecdn nh\u1eb9, d\u1ec5 mang theo. K\u1ebft n\u1ed1i nhanh, \u0111i\u1ec1u khi\u1ec3n t\u1eeb xa, h\u1ed7 tr\u1ee3 ch\u1ee5p \u1ea3nh v\u00e0 quay video \u1ed5n \u0111\u1ecbnh.\",\"breadcrumb\":{\"@id\":\"https:\\\/\\\/phukienxin.click\\\/index.php\\\/san-pham\\\/gay-selfie\\\/#breadcrumb\"},\"inLanguage\":\"vi\",\"potentialAction\":[{\"@type\":\"ReadAction\",\"target\":[\"https:\\\/\\\/phukienxin.click\\\/index.php\\\/san-pham\\\/gay-selfie\\\/\"]}]},{\"@type\":\"ImageObject\",\"inLanguage\":\"vi\",\"@id\":\"https:\\\/\\\/phukienxin.click\\\/index.php\\\/san-pham\\\/gay-selfie\\\/#primaryimage\",\"url\":\"https:\\\/\\\/phukienxin.click\\\/wp-content\\\/uploads\\\/2026\\\/04\\\/tai-xuong-1.jpg\",\"contentUrl\":\"https:\\\/\\\/phukienxin.click\\\/wp-content\\\/uploads\\\/2026\\\/04\\\/tai-xuong-1.jpg\",\"width\":225,\"height\":225},{\"@type\":\"BreadcrumbList\",\"@id\":\"https:\\\/\\\/phukienxin.click\\\/index.php\\\/san-pham\\\/gay-selfie\\\/#breadcrumb\",\"itemListElement\":[{\"@type\":\"ListItem\",\"position\":1,\"name\":\"Trang ch\u1ee7\",\"item\":\"https:\\\/\\\/phukienxin.click\\\/\"},{\"@type\":\"ListItem\",\"position\":2,\"name\":\"Qu\u1ea1t t\u1ea3n nhi\u1ec7t\",\"item\":\"https:\\\/\\\/phukienxin.click\\\/?page_id=108\"},{\"@type\":\"ListItem\",\"position\":3,\"name\":\"G\u1eady selfie\"}]},{\"@type\":\"WebSite\",\"@id\":\"https:\\\/\\\/phukienxin.click\\\/#website\",\"url\":\"https:\\\/\\\/phukienxin.click\\\/\",\"name\":\"Phukienxin.\",\"description\":\"\",\"potentialAction\":[{\"@type\":\"SearchAction\",\"target\":{\"@type\":\"EntryPoint\",\"urlTemplate\":\"https:\\\/\\\/phukienxin.click\\\/?s={search_term_string}\"},\"query-input\":{\"@type\":\"PropertyValueSpecification\",\"valueRequired\":true,\"valueName\":\"search_term_string\"}}],\"inLanguage\":\"vi\"}]}<\/script>\n<!-- \/ Yoast SEO plugin. -->","yoast_head_json":{"title":"G\u1eady selfie - Phukienxin.","description":"G\u1eady selfie bluetooth ch\u1ee5p \u1ea3nh \u0111i\u1ec7n tho\u1ea1i ti\u1ec7n l\u1ee3i, thi\u1ebft k\u1ebf g\u1ecdn nh\u1eb9, d\u1ec5 mang theo. K\u1ebft n\u1ed1i nhanh, \u0111i\u1ec1u khi\u1ec3n t\u1eeb xa, h\u1ed7 tr\u1ee3 ch\u1ee5p \u1ea3nh v\u00e0 quay video \u1ed5n \u0111\u1ecbnh.","robots":{"index":"index","follow":"follow","max-snippet":"max-snippet:-1","max-image-preview":"max-image-preview:large","max-video-preview":"max-video-preview:-1"},"canonical":"https:\/\/phukienxin.click\/index.php\/san-pham\/gay-selfie\/","og_locale":"vi_VN","og_type":"article","og_title":"G\u1eady selfie - Phukienxin.","og_description":"G\u1eady selfie bluetooth ch\u1ee5p \u1ea3nh \u0111i\u1ec7n tho\u1ea1i ti\u1ec7n l\u1ee3i, thi\u1ebft k\u1ebf g\u1ecdn nh\u1eb9, d\u1ec5 mang theo. K\u1ebft n\u1ed1i nhanh, \u0111i\u1ec1u khi\u1ec3n t\u1eeb xa, h\u1ed7 tr\u1ee3 ch\u1ee5p \u1ea3nh v\u00e0 quay video \u1ed5n \u0111\u1ecbnh.","og_url":"https:\/\/phukienxin.click\/index.php\/san-pham\/gay-selfie\/","og_site_name":"Phukienxin.","article_modified_time":"2026-04-17T14:16:34+00:00","og_image":[{"width":225,"height":225,"url":"https:\/\/phukienxin.click\/wp-content\/uploads\/2026\/04\/tai-xuong-1.jpg","type":"image\/jpeg"}],"twitter_card":"summary_large_image","twitter_misc":{"\u01af\u1edbc t\u00ednh th\u1eddi gian \u0111\u1ecdc":"3 ph\u00fat"},"schema":{"@context":"https:\/\/schema.org","@graph":[{"@type":"WebPage","@id":"https:\/\/phukienxin.click\/index.php\/san-pham\/gay-selfie\/","url":"https:\/\/phukienxin.click\/index.php\/san-pham\/gay-selfie\/","name":"G\u1eady selfie - Phukienxin.","isPartOf":{"@id":"https:\/\/phukienxin.click\/#website"},"primaryImageOfPage":{"@id":"https:\/\/phukienxin.click\/index.php\/san-pham\/gay-selfie\/#primaryimage"},"image":{"@id":"https:\/\/phukienxin.click\/index.php\/san-pham\/gay-selfie\/#primaryimage"},"thumbnailUrl":"https:\/\/phukienxin.click\/wp-content\/uploads\/2026\/04\/tai-xuong-1.jpg","datePublished":"2026-04-01T15:57:14+00:00","dateModified":"2026-04-17T14:16:34+00:00","description":"G\u1eady selfie bluetooth ch\u1ee5p \u1ea3nh \u0111i\u1ec7n tho\u1ea1i ti\u1ec7n l\u1ee3i, thi\u1ebft k\u1ebf g\u1ecdn nh\u1eb9, d\u1ec5 mang theo. K\u1ebft n\u1ed1i nhanh, \u0111i\u1ec1u khi\u1ec3n t\u1eeb xa, h\u1ed7 tr\u1ee3 ch\u1ee5p \u1ea3nh v\u00e0 quay video \u1ed5n \u0111\u1ecbnh.","breadcrumb":{"@id":"https:\/\/phukienxin.click\/index.php\/san-pham\/gay-selfie\/#breadcrumb"},"inLanguage":"vi","potentialAction":[{"@type":"ReadAction","target":["https:\/\/phukienxin.click\/index.php\/san-pham\/gay-selfie\/"]}]},{"@type":"ImageObject","inLanguage":"vi","@id":"https:\/\/phukienxin.click\/index.php\/san-pham\/gay-selfie\/#primaryimage","url":"https:\/\/phukienxin.click\/wp-content\/uploads\/2026\/04\/tai-xuong-1.jpg","contentUrl":"https:\/\/phukienxin.click\/wp-content\/uploads\/2026\/04\/tai-xuong-1.jpg","width":225,"height":225},{"@type":"BreadcrumbList","@id":"https:\/\/phukienxin.click\/index.php\/san-pham\/gay-selfie\/#breadcrumb","itemListElement":[{"@type":"ListItem","position":1,"name":"Trang ch\u1ee7","item":"https:\/\/phukienxin.click\/"},{"@type":"ListItem","position":2,"name":"Qu\u1ea1t t\u1ea3n nhi\u1ec7t","item":"https:\/\/phukienxin.click\/?page_id=108"},{"@type":"ListItem","position":3,"name":"G\u1eady selfie"}]},{"@type":"WebSite","@id":"https:\/\/phukienxin.click\/#website","url":"https:\/\/phukienxin.click\/","name":"Phukienxin.","description":"","potentialAction":[{"@type":"SearchAction","target":{"@type":"EntryPoint","urlTemplate":"https:\/\/phukienxin.click\/?s={search_term_string}"},"query-input":{"@type":"PropertyValueSpecification","valueRequired":true,"valueName":"search_term_string"}}],"inLanguage":"vi"}]}},"jetpack_sharing_enabled":true,"_links":{"self":[{"href":"https:\/\/phukienxin.click\/index.php\/wp-json\/wp\/v2\/product\/389","targetHints":{"allow":["GET"]}}],"collection":[{"href":"https:\/\/phukienxin.click\/index.php\/wp-json\/wp\/v2\/product"}],"about":[{"href":"https:\/\/phukienxin.click\/index.php\/wp-json\/wp\/v2\/types\/product"}],"replies":[{"embeddable":true,"href":"https:\/\/phukienxin.click\/index.php\/wp-json\/wp\/v2\/comments?post=389"}],"wp:featuredmedia":[{"embeddable":true,"href":"https:\/\/phukienxin.click\/index.php\/wp-json\/wp\/v2\/media\/391"}],"wp:attachment":[{"href":"https:\/\/phukienxin.click\/index.php\/wp-json\/wp\/v2\/media?parent=389"}],"wp:term":[{"taxonomy":"product_brand","embeddable":true,"href":"https:\/\/phukienxin.click\/index.php\/wp-json\/wp\/v2\/product_brand?post=389"},{"taxonomy":"product_cat","embeddable":true,"href":"https:\/\/phukienxin.click\/index.php\/wp-json\/wp\/v2\/product_cat?post=389"},{"taxonomy":"product_tag","embeddable":true,"href":"https:\/\/phukienxin.click\/index.php\/wp-json\/wp\/v2\/product_tag?post=389"}],"curies":[{"name":"wp","href":"https:\/\/api.w.org\/{rel}","templated":true}]}}