{"id":381,"date":"2026-04-01T14:40:21","date_gmt":"2026-04-01T14:40:21","guid":{"rendered":"https:\/\/phukienxin.click\/?post_type=product&#038;p=381"},"modified":"2026-04-01T14:40:21","modified_gmt":"2026-04-01T14:40:21","slug":"op-lung-xin-3","status":"publish","type":"product","link":"https:\/\/phukienxin.click\/index.php\/san-pham\/op-lung-xin-3\/","title":{"rendered":"\u1ed0p l\u01b0ng xanh pastel"},"content":{"rendered":"<h1 data-start=\"77\" data-end=\"210\"><strong>\u1ed0p l\u01b0ng x\u1ecbn cho \u0111i\u1ec7n tho\u1ea1i phong c\u00e1ch pastel k\u00e8m d\u00e2y \u0111eo \u2013 d\u1ec5 th\u01b0\u01a1ng &amp; ti\u1ec7n l\u1ee3i<\/strong><\/h1>\n<p><a href=\"https:\/\/phukienxin.click\/wp-content\/uploads\/2026\/04\/11.jpg\"><img loading=\"lazy\" decoding=\"async\" class=\"alignnone size-medium wp-image-384\" src=\"https:\/\/phukienxin.click\/wp-content\/uploads\/2026\/04\/11-300x300.jpg\" alt=\"\" width=\"300\" height=\"300\" srcset=\"https:\/\/phukienxin.click\/wp-content\/uploads\/2026\/04\/11-300x300.jpg 300w, https:\/\/phukienxin.click\/wp-content\/uploads\/2026\/04\/11-150x150.jpg 150w, https:\/\/phukienxin.click\/wp-content\/uploads\/2026\/04\/11-600x600.jpg 600w, https:\/\/phukienxin.click\/wp-content\/uploads\/2026\/04\/11-100x100.jpg 100w, https:\/\/phukienxin.click\/wp-content\/uploads\/2026\/04\/11.jpg 742w\" sizes=\"auto, (max-width: 300px) 100vw, 300px\" \/><\/a><\/p>\n<p>&nbsp;<\/p>\n<h2>\u1ed0p l\u01b0ng \u0111i\u1ec7n tho\u1ea1i phong c\u00e1ch pastel k\u00e8m d\u00e2y \u0111eo \u2013 d\u1ec5 th\u01b0\u01a1ng &amp; ti\u1ec7n l\u1ee3i<\/h2>\n<p data-start=\"77\" data-end=\"210\">Mang \u0111\u1ebfn v\u1ebb ngo\u00e0i ng\u1ecdt ng\u00e0o v\u00e0 hi\u1ec7n \u0111\u1ea1i, chi\u1ebfc \u1ed1p l\u01b0ng n\u00e0y l\u00e0 l\u1ef1a ch\u1ecdn ho\u00e0n h\u1ea3o cho nh\u1eefng ai y\u00eau th\u00edch phong c\u00e1ch nh\u1eb9 nh\u00e0ng, tinh t\u1ebf.<\/p>\n<p data-start=\"212\" data-end=\"233\"><strong data-start=\"212\" data-end=\"233\">\u0110\u1eb7c \u0111i\u1ec3m n\u1ed5i b\u1eadt:<\/strong><\/p>\n<ul data-start=\"234\" data-end=\"721\">\n<li data-section-id=\"6ihp8x\" data-start=\"234\" data-end=\"366\">\ud83c\udf08 <strong data-start=\"239\" data-end=\"270\">Thi\u1ebft k\u1ebf pastel th\u1eddi th\u01b0\u1ee3ng<\/strong>: T\u00f4ng xanh \u2013 tr\u1eafng d\u1ecbu m\u1eaft, c\u1ef1c xinh.<\/li>\n<li data-section-id=\"98ar7r\" data-start=\"367\" data-end=\"461\">\ud83d\udcf1 <strong data-start=\"372\" data-end=\"392\">B\u1ea3o v\u1ec7 to\u00e0n di\u1ec7n<\/strong>: Vi\u1ec1n \u1ed1p d\u00e0y d\u1eb7n, \u00f4m s\u00e1t th\u00e2n m\u00e1y, gi\u00fap h\u1ea1n ch\u1ebf tr\u1ea7y x\u01b0\u1edbc v\u00e0 va \u0111\u1eadp.<\/li>\n<li data-section-id=\"1mf0foc\" data-start=\"462\" data-end=\"537\">\ud83d\udcf8 <strong data-start=\"467\" data-end=\"490\">Vi\u1ec1n camera n\u1ed5i b\u1eadt<\/strong>: Gia c\u1ed1 ch\u1eafc ch\u1eafn, b\u1ea3o v\u1ec7 c\u1ee5m camera hi\u1ec7u qu\u1ea3.<\/li>\n<li data-section-id=\"1wnuwj8\" data-start=\"538\" data-end=\"643\">\ud83c\udf80 <strong data-start=\"543\" data-end=\"563\">D\u00e2y \u0111eo ti\u1ec7n l\u1ee3i<\/strong>: D\u00e2y d\u00f9 ph\u1ed1i m\u00e0u xinh x\u1eafn, gi\u00fap c\u1ea7m n\u1eafm ch\u1eafc tay ho\u1eb7c \u0111eo c\u1ed5\/tay khi di chuy\u1ec3n.<\/li>\n<li data-section-id=\"1cac8j\" data-start=\"644\" data-end=\"721\">\ud83d\udc8e <strong data-start=\"649\" data-end=\"670\">Ch\u1ea5t li\u1ec7u cao c\u1ea5p<\/strong>: M\u1ec1m d\u1ebbo, b\u1ec1n b\u1ec9, d\u1ec5 th\u00e1o l\u1eafp, kh\u00f4ng \u1ed1 v\u00e0ng nhanh.<\/li>\n<\/ul>\n<p data-start=\"723\" data-end=\"739\"><strong data-start=\"723\" data-end=\"739\">Ph\u00f9 h\u1ee3p v\u1edbi:<\/strong><\/p>\n<ul data-start=\"740\" data-end=\"852\">\n<li data-section-id=\"t77pee\" data-start=\"740\" data-end=\"799\">H\u1ecdc sinh, sinh vi\u00ean, ng\u01b0\u1eddi y\u00eau th\u00edch phong c\u00e1ch d\u1ec5 th\u01b0\u01a1ng<\/li>\n<li data-section-id=\"6mgrei\" data-start=\"800\" data-end=\"852\">Ng\u01b0\u1eddi th\u01b0\u1eddng xuy\u00ean di chuy\u1ec3n, c\u1ea7n d\u00e2y \u0111eo ti\u1ec7n l\u1ee3i<\/li>\n<\/ul>\n<p>Mua \u1ed1p l\u01b0ng x\u1ecbn gi\u00e1 r\u1ebb, nhi\u1ec1u m\u1eabu m\u1edbi \u2013 ch\u1ea5t li\u1ec7u b\u1ec1n \u0111\u1eb9p, b\u1ea3o v\u1ec7 m\u00e1y t\u1ed1i \u01b0u. \u01afu \u0111\u00e3i h\u1ea5p d\u1eabn t\u1ea1i PhuKienXin, giao nhanh.<\/p>\n","protected":false},"excerpt":{"rendered":"<p>\u1ed0p l\u01b0ng x\u1ecbn cho \u0111i\u1ec7n tho\u1ea1i phong c\u00e1ch pastel k\u00e8m d\u00e2y \u0111eo \u2013 d\u1ec5 th\u01b0\u01a1ng &amp; ti\u1ec7n l\u1ee3i &nbsp; \u1ed0p l\u01b0ng \u0111i\u1ec7n tho\u1ea1i phong c\u00e1ch pastel k\u00e8m d\u00e2y \u0111eo \u2013 d\u1ec5 th\u01b0\u01a1ng &amp; ti\u1ec7n l\u1ee3i Mang \u0111\u1ebfn v\u1ebb ngo\u00e0i ng\u1ecdt ng\u00e0o v\u00e0 hi\u1ec7n \u0111\u1ea1i, chi\u1ebfc \u1ed1p l\u01b0ng n\u00e0y l\u00e0 l\u1ef1a ch\u1ecdn ho\u00e0n h\u1ea3o cho nh\u1eefng [&hellip;]<\/p>\n","protected":false},"featured_media":384,"comment_status":"open","ping_status":"closed","template":"","meta":{"_eb_attr":""},"product_brand":[],"product_cat":[20],"product_tag":[],"class_list":{"0":"post-381","1":"product","2":"type-product","3":"status-publish","4":"has-post-thumbnail","6":"product_cat-chua-phan-loai","8":"first","9":"instock","10":"shipping-taxable","11":"product-type-simple"},"yoast_head":"<!-- This site is optimized with the Yoast SEO plugin v27.4 - https:\/\/yoast.com\/product\/yoast-seo-wordpress\/ -->\n<title>\u1ed0p L\u01b0ng X\u1ecbn Ch\u00ednh H\u00e3ng \u2013 \u0110\u1eb9p, B\u1ec1n, Gi\u00e1 T\u1ed1t<\/title>\n<meta name=\"description\" content=\"\u1ed0p l\u01b0ng x\u1ecbn v\u1edbi thi\u1ebft k\u1ebf \u0111\u1eb9p, ch\u1ea5t li\u1ec7u silicone + TPU b\u1ec1n ch\u1eafc, ch\u1ed1ng s\u1ed1c t\u1ed1t. Nhi\u1ec1u m\u1eabu m\u1edbi, gi\u00e1 \u01b0u \u0111\u00e3i, giao nhanh t\u1ea1i PhuKienXin\" \/>\n<meta name=\"robots\" content=\"index, follow, max-snippet:-1, max-image-preview:large, max-video-preview:-1\" \/>\n<link rel=\"canonical\" href=\"https:\/\/phukienxin.click\/index.php\/san-pham\/op-lung-xin-3\/\" \/>\n<meta property=\"og:locale\" content=\"vi_VN\" \/>\n<meta property=\"og:type\" content=\"article\" \/>\n<meta property=\"og:title\" content=\"\u1ed0p L\u01b0ng X\u1ecbn Ch\u00ednh H\u00e3ng \u2013 \u0110\u1eb9p, B\u1ec1n, Gi\u00e1 T\u1ed1t\" \/>\n<meta property=\"og:description\" content=\"\u1ed0p l\u01b0ng x\u1ecbn v\u1edbi thi\u1ebft k\u1ebf \u0111\u1eb9p, ch\u1ea5t li\u1ec7u silicone + TPU b\u1ec1n ch\u1eafc, ch\u1ed1ng s\u1ed1c t\u1ed1t. Nhi\u1ec1u m\u1eabu m\u1edbi, gi\u00e1 \u01b0u \u0111\u00e3i, giao nhanh t\u1ea1i PhuKienXin\" \/>\n<meta property=\"og:url\" content=\"https:\/\/phukienxin.click\/index.php\/san-pham\/op-lung-xin-3\/\" \/>\n<meta property=\"og:site_name\" content=\"Phukienxin.\" \/>\n<meta property=\"og:image\" content=\"https:\/\/phukienxin.click\/wp-content\/uploads\/2026\/04\/11.jpg\" \/>\n\t<meta property=\"og:image:width\" content=\"742\" \/>\n\t<meta property=\"og:image:height\" content=\"742\" \/>\n\t<meta property=\"og:image:type\" content=\"image\/jpeg\" \/>\n<meta name=\"twitter:card\" content=\"summary_large_image\" \/>\n<meta name=\"twitter:label1\" content=\"\u01af\u1edbc t\u00ednh th\u1eddi gian \u0111\u1ecdc\" \/>\n\t<meta name=\"twitter:data1\" content=\"2 ph\u00fat\" \/>\n<script type=\"application\/ld+json\" class=\"yoast-schema-graph\">{\"@context\":\"https:\\\/\\\/schema.org\",\"@graph\":[{\"@type\":\"WebPage\",\"@id\":\"https:\\\/\\\/phukienxin.click\\\/index.php\\\/san-pham\\\/op-lung-xin-3\\\/\",\"url\":\"https:\\\/\\\/phukienxin.click\\\/index.php\\\/san-pham\\\/op-lung-xin-3\\\/\",\"name\":\"\u1ed0p L\u01b0ng X\u1ecbn Ch\u00ednh H\u00e3ng \u2013 \u0110\u1eb9p, B\u1ec1n, Gi\u00e1 T\u1ed1t\",\"isPartOf\":{\"@id\":\"https:\\\/\\\/phukienxin.click\\\/#website\"},\"primaryImageOfPage\":{\"@id\":\"https:\\\/\\\/phukienxin.click\\\/index.php\\\/san-pham\\\/op-lung-xin-3\\\/#primaryimage\"},\"image\":{\"@id\":\"https:\\\/\\\/phukienxin.click\\\/index.php\\\/san-pham\\\/op-lung-xin-3\\\/#primaryimage\"},\"thumbnailUrl\":\"https:\\\/\\\/phukienxin.click\\\/wp-content\\\/uploads\\\/2026\\\/04\\\/11.jpg\",\"datePublished\":\"2026-04-01T14:40:21+00:00\",\"description\":\"\u1ed0p l\u01b0ng x\u1ecbn v\u1edbi thi\u1ebft k\u1ebf \u0111\u1eb9p, ch\u1ea5t li\u1ec7u silicone + TPU b\u1ec1n ch\u1eafc, ch\u1ed1ng s\u1ed1c t\u1ed1t. Nhi\u1ec1u m\u1eabu m\u1edbi, gi\u00e1 \u01b0u \u0111\u00e3i, giao nhanh t\u1ea1i PhuKienXin\",\"breadcrumb\":{\"@id\":\"https:\\\/\\\/phukienxin.click\\\/index.php\\\/san-pham\\\/op-lung-xin-3\\\/#breadcrumb\"},\"inLanguage\":\"vi\",\"potentialAction\":[{\"@type\":\"ReadAction\",\"target\":[\"https:\\\/\\\/phukienxin.click\\\/index.php\\\/san-pham\\\/op-lung-xin-3\\\/\"]}]},{\"@type\":\"ImageObject\",\"inLanguage\":\"vi\",\"@id\":\"https:\\\/\\\/phukienxin.click\\\/index.php\\\/san-pham\\\/op-lung-xin-3\\\/#primaryimage\",\"url\":\"https:\\\/\\\/phukienxin.click\\\/wp-content\\\/uploads\\\/2026\\\/04\\\/11.jpg\",\"contentUrl\":\"https:\\\/\\\/phukienxin.click\\\/wp-content\\\/uploads\\\/2026\\\/04\\\/11.jpg\",\"width\":742,\"height\":742},{\"@type\":\"BreadcrumbList\",\"@id\":\"https:\\\/\\\/phukienxin.click\\\/index.php\\\/san-pham\\\/op-lung-xin-3\\\/#breadcrumb\",\"itemListElement\":[{\"@type\":\"ListItem\",\"position\":1,\"name\":\"Trang ch\u1ee7\",\"item\":\"https:\\\/\\\/phukienxin.click\\\/\"},{\"@type\":\"ListItem\",\"position\":2,\"name\":\"Qu\u1ea1t t\u1ea3n nhi\u1ec7t\",\"item\":\"https:\\\/\\\/phukienxin.click\\\/?page_id=108\"},{\"@type\":\"ListItem\",\"position\":3,\"name\":\"\u1ed0p l\u01b0ng xanh pastel\"}]},{\"@type\":\"WebSite\",\"@id\":\"https:\\\/\\\/phukienxin.click\\\/#website\",\"url\":\"https:\\\/\\\/phukienxin.click\\\/\",\"name\":\"Phukienxin.\",\"description\":\"\",\"potentialAction\":[{\"@type\":\"SearchAction\",\"target\":{\"@type\":\"EntryPoint\",\"urlTemplate\":\"https:\\\/\\\/phukienxin.click\\\/?s={search_term_string}\"},\"query-input\":{\"@type\":\"PropertyValueSpecification\",\"valueRequired\":true,\"valueName\":\"search_term_string\"}}],\"inLanguage\":\"vi\"}]}<\/script>\n<!-- \/ Yoast SEO plugin. -->","yoast_head_json":{"title":"\u1ed0p L\u01b0ng X\u1ecbn Ch\u00ednh H\u00e3ng \u2013 \u0110\u1eb9p, B\u1ec1n, Gi\u00e1 T\u1ed1t","description":"\u1ed0p l\u01b0ng x\u1ecbn v\u1edbi thi\u1ebft k\u1ebf \u0111\u1eb9p, ch\u1ea5t li\u1ec7u silicone + TPU b\u1ec1n ch\u1eafc, ch\u1ed1ng s\u1ed1c t\u1ed1t. Nhi\u1ec1u m\u1eabu m\u1edbi, gi\u00e1 \u01b0u \u0111\u00e3i, giao nhanh t\u1ea1i PhuKienXin","robots":{"index":"index","follow":"follow","max-snippet":"max-snippet:-1","max-image-preview":"max-image-preview:large","max-video-preview":"max-video-preview:-1"},"canonical":"https:\/\/phukienxin.click\/index.php\/san-pham\/op-lung-xin-3\/","og_locale":"vi_VN","og_type":"article","og_title":"\u1ed0p L\u01b0ng X\u1ecbn Ch\u00ednh H\u00e3ng \u2013 \u0110\u1eb9p, B\u1ec1n, Gi\u00e1 T\u1ed1t","og_description":"\u1ed0p l\u01b0ng x\u1ecbn v\u1edbi thi\u1ebft k\u1ebf \u0111\u1eb9p, ch\u1ea5t li\u1ec7u silicone + TPU b\u1ec1n ch\u1eafc, ch\u1ed1ng s\u1ed1c t\u1ed1t. Nhi\u1ec1u m\u1eabu m\u1edbi, gi\u00e1 \u01b0u \u0111\u00e3i, giao nhanh t\u1ea1i PhuKienXin","og_url":"https:\/\/phukienxin.click\/index.php\/san-pham\/op-lung-xin-3\/","og_site_name":"Phukienxin.","og_image":[{"width":742,"height":742,"url":"https:\/\/phukienxin.click\/wp-content\/uploads\/2026\/04\/11.jpg","type":"image\/jpeg"}],"twitter_card":"summary_large_image","twitter_misc":{"\u01af\u1edbc t\u00ednh th\u1eddi gian \u0111\u1ecdc":"2 ph\u00fat"},"schema":{"@context":"https:\/\/schema.org","@graph":[{"@type":"WebPage","@id":"https:\/\/phukienxin.click\/index.php\/san-pham\/op-lung-xin-3\/","url":"https:\/\/phukienxin.click\/index.php\/san-pham\/op-lung-xin-3\/","name":"\u1ed0p L\u01b0ng X\u1ecbn Ch\u00ednh H\u00e3ng \u2013 \u0110\u1eb9p, B\u1ec1n, Gi\u00e1 T\u1ed1t","isPartOf":{"@id":"https:\/\/phukienxin.click\/#website"},"primaryImageOfPage":{"@id":"https:\/\/phukienxin.click\/index.php\/san-pham\/op-lung-xin-3\/#primaryimage"},"image":{"@id":"https:\/\/phukienxin.click\/index.php\/san-pham\/op-lung-xin-3\/#primaryimage"},"thumbnailUrl":"https:\/\/phukienxin.click\/wp-content\/uploads\/2026\/04\/11.jpg","datePublished":"2026-04-01T14:40:21+00:00","description":"\u1ed0p l\u01b0ng x\u1ecbn v\u1edbi thi\u1ebft k\u1ebf \u0111\u1eb9p, ch\u1ea5t li\u1ec7u silicone + TPU b\u1ec1n ch\u1eafc, ch\u1ed1ng s\u1ed1c t\u1ed1t. Nhi\u1ec1u m\u1eabu m\u1edbi, gi\u00e1 \u01b0u \u0111\u00e3i, giao nhanh t\u1ea1i PhuKienXin","breadcrumb":{"@id":"https:\/\/phukienxin.click\/index.php\/san-pham\/op-lung-xin-3\/#breadcrumb"},"inLanguage":"vi","potentialAction":[{"@type":"ReadAction","target":["https:\/\/phukienxin.click\/index.php\/san-pham\/op-lung-xin-3\/"]}]},{"@type":"ImageObject","inLanguage":"vi","@id":"https:\/\/phukienxin.click\/index.php\/san-pham\/op-lung-xin-3\/#primaryimage","url":"https:\/\/phukienxin.click\/wp-content\/uploads\/2026\/04\/11.jpg","contentUrl":"https:\/\/phukienxin.click\/wp-content\/uploads\/2026\/04\/11.jpg","width":742,"height":742},{"@type":"BreadcrumbList","@id":"https:\/\/phukienxin.click\/index.php\/san-pham\/op-lung-xin-3\/#breadcrumb","itemListElement":[{"@type":"ListItem","position":1,"name":"Trang ch\u1ee7","item":"https:\/\/phukienxin.click\/"},{"@type":"ListItem","position":2,"name":"Qu\u1ea1t t\u1ea3n nhi\u1ec7t","item":"https:\/\/phukienxin.click\/?page_id=108"},{"@type":"ListItem","position":3,"name":"\u1ed0p l\u01b0ng xanh pastel"}]},{"@type":"WebSite","@id":"https:\/\/phukienxin.click\/#website","url":"https:\/\/phukienxin.click\/","name":"Phukienxin.","description":"","potentialAction":[{"@type":"SearchAction","target":{"@type":"EntryPoint","urlTemplate":"https:\/\/phukienxin.click\/?s={search_term_string}"},"query-input":{"@type":"PropertyValueSpecification","valueRequired":true,"valueName":"search_term_string"}}],"inLanguage":"vi"}]}},"jetpack_sharing_enabled":true,"_links":{"self":[{"href":"https:\/\/phukienxin.click\/index.php\/wp-json\/wp\/v2\/product\/381","targetHints":{"allow":["GET"]}}],"collection":[{"href":"https:\/\/phukienxin.click\/index.php\/wp-json\/wp\/v2\/product"}],"about":[{"href":"https:\/\/phukienxin.click\/index.php\/wp-json\/wp\/v2\/types\/product"}],"replies":[{"embeddable":true,"href":"https:\/\/phukienxin.click\/index.php\/wp-json\/wp\/v2\/comments?post=381"}],"wp:featuredmedia":[{"embeddable":true,"href":"https:\/\/phukienxin.click\/index.php\/wp-json\/wp\/v2\/media\/384"}],"wp:attachment":[{"href":"https:\/\/phukienxin.click\/index.php\/wp-json\/wp\/v2\/media?parent=381"}],"wp:term":[{"taxonomy":"product_brand","embeddable":true,"href":"https:\/\/phukienxin.click\/index.php\/wp-json\/wp\/v2\/product_brand?post=381"},{"taxonomy":"product_cat","embeddable":true,"href":"https:\/\/phukienxin.click\/index.php\/wp-json\/wp\/v2\/product_cat?post=381"},{"taxonomy":"product_tag","embeddable":true,"href":"https:\/\/phukienxin.click\/index.php\/wp-json\/wp\/v2\/product_tag?post=381"}],"curies":[{"name":"wp","href":"https:\/\/api.w.org\/{rel}","templated":true}]}}