{"id":375,"date":"2026-04-01T15:19:37","date_gmt":"2026-04-01T15:19:37","guid":{"rendered":"https:\/\/phukienxin.click\/?post_type=product&#038;p=375"},"modified":"2026-04-01T15:19:38","modified_gmt":"2026-04-01T15:19:38","slug":"chuot-gaming-khong-day","status":"publish","type":"product","link":"https:\/\/phukienxin.click\/index.php\/san-pham\/chuot-gaming-khong-day\/","title":{"rendered":"chu\u1ed9t gaming kh\u00f4ng d\u00e2y"},"content":{"rendered":"<p>Chu\u1ed9t gaming kh\u00f4ng d\u00e2y l\u00e0 l\u1ef1a ch\u1ecdn ph\u00f9 h\u1ee3p cho game th\u1ee7 v\u00e0 ng\u01b0\u1eddi d\u00f9ng v\u0103n ph\u00f2ng nh\u1edd thi\u1ebft k\u1ebf hi\u1ec7n \u0111\u1ea1i, thao t\u00e1c ch\u00ednh x\u00e1c v\u00e0 k\u1ebft n\u1ed1i \u1ed5n \u0111\u1ecbnh.<\/p>\n<p>Chu\u1ed9t \u0111\u01b0\u1ee3c trang b\u1ecb c\u00f4ng ngh\u1ec7 k\u1ebft n\u1ed1i kh\u00f4ng d\u00e2y ti\u00ean ti\u1ebfn gi\u00fap gi\u1ea3m \u0111\u1ed9 tr\u1ec5. \u0110\u1ed9 nh\u1ea1y DPI cao h\u1ed7 tr\u1ee3 thao t\u00e1c nhanh v\u00e0 ch\u00ednh x\u00e1c trong nhi\u1ec1u t\u1ef1a game.<\/p>\n<p>L\u00fd do n\u00ean ch\u1ecdn chu\u1ed9t gaming kh\u00f4ng d\u00e2y<\/p>\n<p>Ngo\u00e0i hi\u1ec7u n\u0103ng \u1ed5n \u0111\u1ecbnh, s\u1ea3n ph\u1ea9m c\u00f2n c\u00f3 pin b\u1ec1n, th\u1eddi gian s\u1eed d\u1ee5ng l\u00e2u v\u00e0 thi\u1ebft k\u1ebf c\u00f4ng th\u00e1i h\u1ecdc gi\u00fap c\u1ea7m n\u1eafm tho\u1ea3i m\u00e1i.<\/p>\n<p>\u2713 K\u1ebft n\u1ed1i \u1ed5n \u0111\u1ecbnh<br \/>\n\u2713 DPI cao<br \/>\n\u2713 \u0110\u00e8n RGB \u0111\u1eb9p<br \/>\n\u2713 Pin b\u1ec1n<br \/>\n\u2713 Thi\u1ebft k\u1ebf tho\u1ea3i m\u00e1i<\/p>\n<p>Xem th\u00eam c\u00e1c s\u1ea3n ph\u1ea9m chu\u1ed9t gaming kh\u00e1c t\u1ea1i website c\u1ee7a ch\u00fang t\u00f4i.<\/p>\n","protected":false},"excerpt":{"rendered":"<p>Chu\u1ed9t gaming kh\u00f4ng d\u00e2y l\u00e0 l\u1ef1a ch\u1ecdn ph\u00f9 h\u1ee3p cho game th\u1ee7 v\u00e0 ng\u01b0\u1eddi d\u00f9ng v\u0103n ph\u00f2ng nh\u1edd thi\u1ebft k\u1ebf hi\u1ec7n \u0111\u1ea1i, thao t\u00e1c ch\u00ednh x\u00e1c v\u00e0 k\u1ebft n\u1ed1i \u1ed5n \u0111\u1ecbnh. Chu\u1ed9t \u0111\u01b0\u1ee3c trang b\u1ecb c\u00f4ng ngh\u1ec7 k\u1ebft n\u1ed1i kh\u00f4ng d\u00e2y ti\u00ean ti\u1ebfn gi\u00fap gi\u1ea3m \u0111\u1ed9 tr\u1ec5. \u0110\u1ed9 nh\u1ea1y DPI cao h\u1ed7 tr\u1ee3 thao t\u00e1c [&hellip;]<\/p>\n","protected":false},"featured_media":383,"comment_status":"open","ping_status":"closed","template":"","meta":{"_eb_attr":""},"product_brand":[],"product_cat":[20],"product_tag":[],"class_list":{"0":"post-375","1":"product","2":"type-product","3":"status-publish","4":"has-post-thumbnail","6":"product_cat-chua-phan-loai","8":"first","9":"instock","10":"shipping-taxable","11":"product-type-simple"},"yoast_head":"<!-- This site is optimized with the Yoast SEO plugin v27.4 - https:\/\/yoast.com\/product\/yoast-seo-wordpress\/ -->\n<title>Chu\u1ed9t gaming kh\u00f4ng d\u00e2y RGB gi\u00e1 r\u1ebb ch\u1ea5t l\u01b0\u1ee3ng cao | Phukienxin - Phukienxin.<\/title>\n<meta name=\"description\" content=\"Chu\u1ed9t gaming kh\u00f4ng d\u00e2y l\u00e0 l\u1ef1a ch\u1ecdn h\u00e0ng \u0111\u1ea7u cho game th\u1ee7 hi\u1ec7n nay. S\u1ea3n ph\u1ea9m chu\u1ed9t gaming kh\u00f4ng d\u00e2y mang l\u1ea1i tr\u1ea3i nghi\u1ec7m m\u01b0\u1ee3t m\u00e0, kh\u00f4ng \u0111\u1ed9 tr\u1ec5.\" \/>\n<meta name=\"robots\" content=\"index, follow, max-snippet:-1, max-image-preview:large, max-video-preview:-1\" \/>\n<link rel=\"canonical\" href=\"https:\/\/phukienxin.click\/index.php\/san-pham\/chuot-gaming-khong-day\/\" \/>\n<meta property=\"og:locale\" content=\"vi_VN\" \/>\n<meta property=\"og:type\" content=\"article\" \/>\n<meta property=\"og:title\" content=\"Chu\u1ed9t gaming kh\u00f4ng d\u00e2y RGB gi\u00e1 r\u1ebb ch\u1ea5t l\u01b0\u1ee3ng cao | Phukienxin - Phukienxin.\" \/>\n<meta property=\"og:description\" content=\"Chu\u1ed9t gaming kh\u00f4ng d\u00e2y l\u00e0 l\u1ef1a ch\u1ecdn h\u00e0ng \u0111\u1ea7u cho game th\u1ee7 hi\u1ec7n nay. S\u1ea3n ph\u1ea9m chu\u1ed9t gaming kh\u00f4ng d\u00e2y mang l\u1ea1i tr\u1ea3i nghi\u1ec7m m\u01b0\u1ee3t m\u00e0, kh\u00f4ng \u0111\u1ed9 tr\u1ec5.\" \/>\n<meta property=\"og:url\" content=\"https:\/\/phukienxin.click\/index.php\/san-pham\/chuot-gaming-khong-day\/\" \/>\n<meta property=\"og:site_name\" content=\"Phukienxin.\" \/>\n<meta property=\"article:modified_time\" content=\"2026-04-01T15:19:38+00:00\" \/>\n<meta property=\"og:image\" content=\"https:\/\/phukienxin.click\/wp-content\/uploads\/2026\/04\/tai-xuong.jpg\" \/>\n\t<meta property=\"og:image:width\" content=\"225\" \/>\n\t<meta property=\"og:image:height\" content=\"225\" \/>\n\t<meta property=\"og:image:type\" content=\"image\/jpeg\" \/>\n<meta name=\"twitter:card\" content=\"summary_large_image\" \/>\n<meta name=\"twitter:label1\" content=\"\u01af\u1edbc t\u00ednh th\u1eddi gian \u0111\u1ecdc\" \/>\n\t<meta name=\"twitter:data1\" content=\"1 ph\u00fat\" \/>\n<script type=\"application\/ld+json\" class=\"yoast-schema-graph\">{\"@context\":\"https:\\\/\\\/schema.org\",\"@graph\":[{\"@type\":\"WebPage\",\"@id\":\"https:\\\/\\\/phukienxin.click\\\/index.php\\\/san-pham\\\/chuot-gaming-khong-day\\\/\",\"url\":\"https:\\\/\\\/phukienxin.click\\\/index.php\\\/san-pham\\\/chuot-gaming-khong-day\\\/\",\"name\":\"Chu\u1ed9t gaming kh\u00f4ng d\u00e2y RGB gi\u00e1 r\u1ebb ch\u1ea5t l\u01b0\u1ee3ng cao | Phukienxin - Phukienxin.\",\"isPartOf\":{\"@id\":\"https:\\\/\\\/phukienxin.click\\\/#website\"},\"primaryImageOfPage\":{\"@id\":\"https:\\\/\\\/phukienxin.click\\\/index.php\\\/san-pham\\\/chuot-gaming-khong-day\\\/#primaryimage\"},\"image\":{\"@id\":\"https:\\\/\\\/phukienxin.click\\\/index.php\\\/san-pham\\\/chuot-gaming-khong-day\\\/#primaryimage\"},\"thumbnailUrl\":\"https:\\\/\\\/phukienxin.click\\\/wp-content\\\/uploads\\\/2026\\\/04\\\/tai-xuong.jpg\",\"datePublished\":\"2026-04-01T15:19:37+00:00\",\"dateModified\":\"2026-04-01T15:19:38+00:00\",\"description\":\"Chu\u1ed9t gaming kh\u00f4ng d\u00e2y l\u00e0 l\u1ef1a ch\u1ecdn h\u00e0ng \u0111\u1ea7u cho game th\u1ee7 hi\u1ec7n nay. S\u1ea3n ph\u1ea9m chu\u1ed9t gaming kh\u00f4ng d\u00e2y mang l\u1ea1i tr\u1ea3i nghi\u1ec7m m\u01b0\u1ee3t m\u00e0, kh\u00f4ng \u0111\u1ed9 tr\u1ec5.\",\"breadcrumb\":{\"@id\":\"https:\\\/\\\/phukienxin.click\\\/index.php\\\/san-pham\\\/chuot-gaming-khong-day\\\/#breadcrumb\"},\"inLanguage\":\"vi\",\"potentialAction\":[{\"@type\":\"ReadAction\",\"target\":[\"https:\\\/\\\/phukienxin.click\\\/index.php\\\/san-pham\\\/chuot-gaming-khong-day\\\/\"]}]},{\"@type\":\"ImageObject\",\"inLanguage\":\"vi\",\"@id\":\"https:\\\/\\\/phukienxin.click\\\/index.php\\\/san-pham\\\/chuot-gaming-khong-day\\\/#primaryimage\",\"url\":\"https:\\\/\\\/phukienxin.click\\\/wp-content\\\/uploads\\\/2026\\\/04\\\/tai-xuong.jpg\",\"contentUrl\":\"https:\\\/\\\/phukienxin.click\\\/wp-content\\\/uploads\\\/2026\\\/04\\\/tai-xuong.jpg\",\"width\":225,\"height\":225},{\"@type\":\"BreadcrumbList\",\"@id\":\"https:\\\/\\\/phukienxin.click\\\/index.php\\\/san-pham\\\/chuot-gaming-khong-day\\\/#breadcrumb\",\"itemListElement\":[{\"@type\":\"ListItem\",\"position\":1,\"name\":\"Trang ch\u1ee7\",\"item\":\"https:\\\/\\\/phukienxin.click\\\/\"},{\"@type\":\"ListItem\",\"position\":2,\"name\":\"Qu\u1ea1t t\u1ea3n nhi\u1ec7t\",\"item\":\"https:\\\/\\\/phukienxin.click\\\/?page_id=108\"},{\"@type\":\"ListItem\",\"position\":3,\"name\":\"chu\u1ed9t gaming kh\u00f4ng d\u00e2y\"}]},{\"@type\":\"WebSite\",\"@id\":\"https:\\\/\\\/phukienxin.click\\\/#website\",\"url\":\"https:\\\/\\\/phukienxin.click\\\/\",\"name\":\"Phukienxin.\",\"description\":\"\",\"potentialAction\":[{\"@type\":\"SearchAction\",\"target\":{\"@type\":\"EntryPoint\",\"urlTemplate\":\"https:\\\/\\\/phukienxin.click\\\/?s={search_term_string}\"},\"query-input\":{\"@type\":\"PropertyValueSpecification\",\"valueRequired\":true,\"valueName\":\"search_term_string\"}}],\"inLanguage\":\"vi\"}]}<\/script>\n<!-- \/ Yoast SEO plugin. -->","yoast_head_json":{"title":"Chu\u1ed9t gaming kh\u00f4ng d\u00e2y RGB gi\u00e1 r\u1ebb ch\u1ea5t l\u01b0\u1ee3ng cao | Phukienxin - Phukienxin.","description":"Chu\u1ed9t gaming kh\u00f4ng d\u00e2y l\u00e0 l\u1ef1a ch\u1ecdn h\u00e0ng \u0111\u1ea7u cho game th\u1ee7 hi\u1ec7n nay. S\u1ea3n ph\u1ea9m chu\u1ed9t gaming kh\u00f4ng d\u00e2y mang l\u1ea1i tr\u1ea3i nghi\u1ec7m m\u01b0\u1ee3t m\u00e0, kh\u00f4ng \u0111\u1ed9 tr\u1ec5.","robots":{"index":"index","follow":"follow","max-snippet":"max-snippet:-1","max-image-preview":"max-image-preview:large","max-video-preview":"max-video-preview:-1"},"canonical":"https:\/\/phukienxin.click\/index.php\/san-pham\/chuot-gaming-khong-day\/","og_locale":"vi_VN","og_type":"article","og_title":"Chu\u1ed9t gaming kh\u00f4ng d\u00e2y RGB gi\u00e1 r\u1ebb ch\u1ea5t l\u01b0\u1ee3ng cao | Phukienxin - Phukienxin.","og_description":"Chu\u1ed9t gaming kh\u00f4ng d\u00e2y l\u00e0 l\u1ef1a ch\u1ecdn h\u00e0ng \u0111\u1ea7u cho game th\u1ee7 hi\u1ec7n nay. S\u1ea3n ph\u1ea9m chu\u1ed9t gaming kh\u00f4ng d\u00e2y mang l\u1ea1i tr\u1ea3i nghi\u1ec7m m\u01b0\u1ee3t m\u00e0, kh\u00f4ng \u0111\u1ed9 tr\u1ec5.","og_url":"https:\/\/phukienxin.click\/index.php\/san-pham\/chuot-gaming-khong-day\/","og_site_name":"Phukienxin.","article_modified_time":"2026-04-01T15:19:38+00:00","og_image":[{"width":225,"height":225,"url":"https:\/\/phukienxin.click\/wp-content\/uploads\/2026\/04\/tai-xuong.jpg","type":"image\/jpeg"}],"twitter_card":"summary_large_image","twitter_misc":{"\u01af\u1edbc t\u00ednh th\u1eddi gian \u0111\u1ecdc":"1 ph\u00fat"},"schema":{"@context":"https:\/\/schema.org","@graph":[{"@type":"WebPage","@id":"https:\/\/phukienxin.click\/index.php\/san-pham\/chuot-gaming-khong-day\/","url":"https:\/\/phukienxin.click\/index.php\/san-pham\/chuot-gaming-khong-day\/","name":"Chu\u1ed9t gaming kh\u00f4ng d\u00e2y RGB gi\u00e1 r\u1ebb ch\u1ea5t l\u01b0\u1ee3ng cao | Phukienxin - Phukienxin.","isPartOf":{"@id":"https:\/\/phukienxin.click\/#website"},"primaryImageOfPage":{"@id":"https:\/\/phukienxin.click\/index.php\/san-pham\/chuot-gaming-khong-day\/#primaryimage"},"image":{"@id":"https:\/\/phukienxin.click\/index.php\/san-pham\/chuot-gaming-khong-day\/#primaryimage"},"thumbnailUrl":"https:\/\/phukienxin.click\/wp-content\/uploads\/2026\/04\/tai-xuong.jpg","datePublished":"2026-04-01T15:19:37+00:00","dateModified":"2026-04-01T15:19:38+00:00","description":"Chu\u1ed9t gaming kh\u00f4ng d\u00e2y l\u00e0 l\u1ef1a ch\u1ecdn h\u00e0ng \u0111\u1ea7u cho game th\u1ee7 hi\u1ec7n nay. S\u1ea3n ph\u1ea9m chu\u1ed9t gaming kh\u00f4ng d\u00e2y mang l\u1ea1i tr\u1ea3i nghi\u1ec7m m\u01b0\u1ee3t m\u00e0, kh\u00f4ng \u0111\u1ed9 tr\u1ec5.","breadcrumb":{"@id":"https:\/\/phukienxin.click\/index.php\/san-pham\/chuot-gaming-khong-day\/#breadcrumb"},"inLanguage":"vi","potentialAction":[{"@type":"ReadAction","target":["https:\/\/phukienxin.click\/index.php\/san-pham\/chuot-gaming-khong-day\/"]}]},{"@type":"ImageObject","inLanguage":"vi","@id":"https:\/\/phukienxin.click\/index.php\/san-pham\/chuot-gaming-khong-day\/#primaryimage","url":"https:\/\/phukienxin.click\/wp-content\/uploads\/2026\/04\/tai-xuong.jpg","contentUrl":"https:\/\/phukienxin.click\/wp-content\/uploads\/2026\/04\/tai-xuong.jpg","width":225,"height":225},{"@type":"BreadcrumbList","@id":"https:\/\/phukienxin.click\/index.php\/san-pham\/chuot-gaming-khong-day\/#breadcrumb","itemListElement":[{"@type":"ListItem","position":1,"name":"Trang ch\u1ee7","item":"https:\/\/phukienxin.click\/"},{"@type":"ListItem","position":2,"name":"Qu\u1ea1t t\u1ea3n nhi\u1ec7t","item":"https:\/\/phukienxin.click\/?page_id=108"},{"@type":"ListItem","position":3,"name":"chu\u1ed9t gaming kh\u00f4ng d\u00e2y"}]},{"@type":"WebSite","@id":"https:\/\/phukienxin.click\/#website","url":"https:\/\/phukienxin.click\/","name":"Phukienxin.","description":"","potentialAction":[{"@type":"SearchAction","target":{"@type":"EntryPoint","urlTemplate":"https:\/\/phukienxin.click\/?s={search_term_string}"},"query-input":{"@type":"PropertyValueSpecification","valueRequired":true,"valueName":"search_term_string"}}],"inLanguage":"vi"}]}},"jetpack_sharing_enabled":true,"_links":{"self":[{"href":"https:\/\/phukienxin.click\/index.php\/wp-json\/wp\/v2\/product\/375","targetHints":{"allow":["GET"]}}],"collection":[{"href":"https:\/\/phukienxin.click\/index.php\/wp-json\/wp\/v2\/product"}],"about":[{"href":"https:\/\/phukienxin.click\/index.php\/wp-json\/wp\/v2\/types\/product"}],"replies":[{"embeddable":true,"href":"https:\/\/phukienxin.click\/index.php\/wp-json\/wp\/v2\/comments?post=375"}],"wp:featuredmedia":[{"embeddable":true,"href":"https:\/\/phukienxin.click\/index.php\/wp-json\/wp\/v2\/media\/383"}],"wp:attachment":[{"href":"https:\/\/phukienxin.click\/index.php\/wp-json\/wp\/v2\/media?parent=375"}],"wp:term":[{"taxonomy":"product_brand","embeddable":true,"href":"https:\/\/phukienxin.click\/index.php\/wp-json\/wp\/v2\/product_brand?post=375"},{"taxonomy":"product_cat","embeddable":true,"href":"https:\/\/phukienxin.click\/index.php\/wp-json\/wp\/v2\/product_cat?post=375"},{"taxonomy":"product_tag","embeddable":true,"href":"https:\/\/phukienxin.click\/index.php\/wp-json\/wp\/v2\/product_tag?post=375"}],"curies":[{"name":"wp","href":"https:\/\/api.w.org\/{rel}","templated":true}]}}