{"id":363,"date":"2026-04-01T13:51:07","date_gmt":"2026-04-01T13:51:07","guid":{"rendered":"https:\/\/phukienxin.click\/?post_type=product&#038;p=363"},"modified":"2026-04-01T13:51:35","modified_gmt":"2026-04-01T13:51:35","slug":"quat-tan-nhiet-cho-pc","status":"publish","type":"product","link":"https:\/\/phukienxin.click\/index.php\/san-pham\/quat-tan-nhiet-cho-pc\/","title":{"rendered":"Qu\u1ea1t t\u1ea3n nhi\u1ec7t cho PC"},"content":{"rendered":"<p>Qu\u1ea1t t\u1ea3n nhi\u1ec7t cho PC<\/p>\n<p><a href=\"https:\/\/phukienxin.click\/wp-content\/uploads\/2026\/04\/Gemini_Generated_Image_nehvmcnehvmcnehv.png\"><img loading=\"lazy\" decoding=\"async\" class=\"alignnone size-medium wp-image-367\" src=\"https:\/\/phukienxin.click\/wp-content\/uploads\/2026\/04\/Gemini_Generated_Image_nehvmcnehvmcnehv-300x167.png\" alt=\"\" width=\"300\" height=\"167\" srcset=\"https:\/\/phukienxin.click\/wp-content\/uploads\/2026\/04\/Gemini_Generated_Image_nehvmcnehvmcnehv-300x167.png 300w, https:\/\/phukienxin.click\/wp-content\/uploads\/2026\/04\/Gemini_Generated_Image_nehvmcnehvmcnehv-1024x572.png 1024w, https:\/\/phukienxin.click\/wp-content\/uploads\/2026\/04\/Gemini_Generated_Image_nehvmcnehvmcnehv-768x429.png 768w, https:\/\/phukienxin.click\/wp-content\/uploads\/2026\/04\/Gemini_Generated_Image_nehvmcnehvmcnehv-600x335.png 600w, https:\/\/phukienxin.click\/wp-content\/uploads\/2026\/04\/Gemini_Generated_Image_nehvmcnehvmcnehv.png 1376w\" sizes=\"auto, (max-width: 300px) 100vw, 300px\" \/><\/a><\/p>\n<p><a href=\"https:\/\/nguyencongpc.vn\/fan-leopard-interstellar-v4-den-pack-3?gad_source=1&amp;gad_campaignid=23307792620&amp;gbraid=0AAAAABR9T6srLVeFgzZYGutu9wfFyQVZ8&amp;gclid=CjwKCAjwhLPOBhBiEiwA8_wJHAzSfS-cbmXKykuUpO0-8SvXU7ggjJsMojZa8XTQphme4NJvRbFYYBoCORsQAvD_BwE\">https:\/\/nguyencongpc.vn\/fan-leopard-interstellar-v4-den-pack-3?gad_source=1&amp;gad_campaignid=23307792620&amp;gbraid=0AAAAABR9T6srLVeFgzZYGutu9wfFyQVZ8&amp;gclid=CjwKCAjwhLPOBhBiEiwA8_wJHAzSfS-cbmXKykuUpO0-8SvXU7ggjJsMojZa8XTQphme4NJvRbFYYBoCORsQAvD_BwE<\/a><\/p>\n<hr class=\"\" data-path-to-node=\"2\" \/>\n<h2 class=\"\" data-path-to-node=\"3\"><b data-path-to-node=\"3\" data-index-in-node=\"0\">QU\u1ea0T T\u1ea2N NHI\u1ec6T CASE RGB \u2013 M\u00c0N H\u00ccNH LCD HI\u1ec2N TH\u1eca TH\u00d4NG S\u1ed0 C\u1ef0C CH\u1ea4T<\/b><\/h2>\n<p data-path-to-node=\"4\"><span class=\"\">H\u1ec7 th\u1ed1ng t\u1ea3n nhi\u1ec7t t\u1ed1t l\u00e0 y\u1ebfu t\u1ed1 s\u1ed1ng c\u00f2n cho m\u1ecdi d\u00e0n PC Gaming.<\/span><span class=\"\"> Ngo\u00e0i t\u1ea3n nhi\u1ec7t CPU,<\/span><span class=\"\"> c\u00e1c d\u00f2ng qu\u1ea1t h\u00fat v\u00e0 \u0111\u1ea9y gi\u00f3 \u0111\u00f3ng vai tr\u00f2 r\u1ea5t quan tr\u1ecdng.<\/span> <b class=\"\" data-path-to-node=\"4\" data-index-in-node=\"144\">Ph\u1ee5 Ki\u1ec7n X\u1ecbn<\/b><span class=\"\"> gi\u1edbi thi\u1ec7u d\u00f2ng <\/span><b class=\"\" data-path-to-node=\"4\" data-index-in-node=\"173\">qu\u1ea1t t\u1ea3n nhi\u1ec7t Case RGB<\/b><span class=\"\"> th\u1ebf h\u1ec7 m\u1edbi nh\u1ea5t.<\/span><span class=\"\"> S\u1ea3n ph\u1ea9m k\u1ebft h\u1ee3p ho\u00e0n h\u1ea3o gi\u1eefa hi\u1ec7u su\u1ea5t l\u00e0m m\u00e1t v\u00e0 th\u1ea9m m\u1ef9 \u0111\u1ec9nh cao.<\/span><\/p>\n<h3 class=\"\" data-path-to-node=\"5\"><b data-path-to-node=\"5\" data-index-in-node=\"0\">\u01afU \u0110I\u1ec2M C\u1ee6A QU\u1ea0T T\u1ea2N NHI\u1ec6T CASE T\u1ea0I PH\u1ee4 KI\u1ec6N X\u1ecaN<\/b><\/h3>\n<p data-path-to-node=\"6\"><span class=\"\">\u0110i\u1ec3m \u0111\u1ed9t ph\u00e1 c\u1ee7a m\u1eabu <\/span><b class=\"\" data-path-to-node=\"6\" data-index-in-node=\"21\">qu\u1ea1t t\u1ea3n nhi\u1ec7t Case<\/b><span class=\"\"> n\u00e0y l\u00e0 m\u00e0n h\u00ecnh LCD \u1edf t\u00e2m qu\u1ea1t.<\/span><span class=\"\"> M\u00e0n h\u00ecnh n\u00e0y cho ph\u00e9p hi\u1ec3n th\u1ecb nhi\u1ec7t \u0111\u1ed9 h\u1ec7 th\u1ed1ng ho\u1eb7c t\u1ed1c \u0111\u1ed9 v\u00f2ng quay (RPM).<\/span><span class=\"\"> B\u1ea1n c\u00f3 th\u1ec3 d\u1ec5 d\u00e0ng theo d\u00f5i t\u00ecnh tr\u1ea1ng m\u00e1y t\u00ednh ch\u1ec9 b\u1eb1ng m\u1ed9t c\u00e1i nh\u00ecn l\u01b0\u1edbt qua.<\/span><span class=\"\"> \u0110i\u1ec1u n\u00e0y gi\u00fap g\u00f3c m\u00e1y c\u1ee7a b\u1ea1n tr\u1edf n\u00ean kh\u00e1c bi\u1ec7t ho\u00e0n to\u00e0n so v\u1edbi c\u00e1c d\u00f2ng qu\u1ea1t th\u00f4ng th\u01b0\u1eddng.<\/span><\/p>\n<p data-path-to-node=\"7\"><span class=\"\">D\u1ea3i \u0111\u00e8n LED RGB r\u1ef1c r\u1ee1 ch\u1ea1y d\u1ecdc theo khung qu\u1ea1t v\u00e0 c\u00e1nh qu\u1ea1t.<\/span><span class=\"\"> Hi\u1ec7u \u1ee9ng \u00e1nh s\u00e1ng c\u00f3 th\u1ec3 t\u00f9y ch\u1ec9nh v\u00f4 h\u1ea1n th\u00f4ng qua ph\u1ea7n m\u1ec1m \u0111\u1ed3ng b\u1ed9.<\/span><span class=\"\"> C\u00e1nh qu\u1ea1t \u0111\u01b0\u1ee3c thi\u1ebft k\u1ebf kh\u00ed \u0111\u1ed9ng h\u1ecdc gi\u00fap t\u1ed1i \u01b0u lu\u1ed3ng gi\u00f3 l\u01b0u th\u00f4ng.<\/span><span class=\"\"> D\u00f9 ho\u1ea1t \u0111\u1ed9ng \u1edf t\u1ed1c \u0111\u1ed9 cao,<\/span><span class=\"\"> qu\u1ea1t v\u1eabn \u0111\u1ea3m b\u1ea3o s\u1ef1 y\u00ean t\u0129nh tuy\u1ec7t \u0111\u1ed1i cho kh\u00f4ng gian l\u00e0m vi\u1ec7c.<\/span><\/p>\n<h3 class=\"\" data-path-to-node=\"8\"><b data-path-to-node=\"8\" data-index-in-node=\"0\">T\u1ea0I SAO N\u00caN N\u00c2NG C\u1ea4P FAN CASE T\u1ea0I PH\u1ee4 KI\u1ec6N X\u1ecaN?<\/b><\/h3>\n<p data-path-to-node=\"9\"><span class=\"\">Vi\u1ec7c l\u1eafp \u0111\u1eb7t <\/span><b class=\"\" data-path-to-node=\"9\" data-index-in-node=\"13\">qu\u1ea1t t\u1ea3n nhi\u1ec7t Case<\/b><span class=\"\"> \u0111\u00fang c\u00e1ch gi\u00fap gi\u1ea3m nhi\u1ec7t \u0111\u1ed9 to\u00e0n b\u1ed9 linh ki\u1ec7n.<\/span><span class=\"\"> N\u00f3 b\u1ea3o v\u1ec7 card \u0111\u1ed3 h\u1ecda,<\/span><span class=\"\"> mainboard v\u00e0 \u1ed5 c\u1ee9ng kh\u1ecfi t\u00ecnh tr\u1ea1ng qu\u00e1 nhi\u1ec7t.<\/span><span class=\"\"> T\u1ea1i c\u1eeda h\u00e0ng ch\u00fang t\u00f4i,<\/span><span class=\"\"> b\u1ea1n s\u1ebd t\u00ecm th\u1ea5y nhi\u1ec1u k\u00edch th\u01b0\u1edbc qu\u1ea1t t\u1eeb 120mm \u0111\u1ebfn 140mm.<\/span><span class=\"\"> S\u1ea3n ph\u1ea9m h\u1ed7 tr\u1ee3 \u0111\u1ea7y \u0111\u1ee7 c\u00e1c chu\u1ea9n c\u1eafm 4-pin PWM v\u00e0 ARGB ph\u1ed5 bi\u1ebfn hi\u1ec7n nay.<\/span><\/p>\n<p data-path-to-node=\"10\"><b class=\"\" data-path-to-node=\"10\" data-index-in-node=\"0\">L\u01b0u \u00fd khi l\u1eafp \u0111\u1eb7t qu\u1ea1t t\u1ea3n nhi\u1ec7t:<\/b><\/p>\n<ol start=\"1\" data-path-to-node=\"11\">\n<li>\n<p data-path-to-node=\"11,0,0\"><span class=\"\">X\u00e1c \u0111\u1ecbnh \u0111\u00fang h\u01b0\u1edbng gi\u00f3 v\u00e0o (intake) v\u00e0 gi\u00f3 ra (exhaust) c\u1ee7a th\u00f9ng m\u00e1y.<\/span><\/p>\n<\/li>\n<li>\n<p data-path-to-node=\"11,1,0\"><span class=\"\">S\u1eed d\u1ee5ng \u0111\u1ec7m cao su ch\u1ed1ng rung \u0111\u1ec3 gi\u1ea3m thi\u1ec3u ti\u1ebfng \u1ed3n khi qu\u1ea1t quay m\u1ea1nh.<\/span><\/p>\n<\/li>\n<li>\n<p data-path-to-node=\"11,2,0\"><span class=\"\">\u0110\u1ed3ng b\u1ed9 d\u00e2y c\u00e1p g\u1ecdn g\u00e0ng \u0111\u1ec3 kh\u00f4ng c\u1ea3n tr\u1edf lu\u1ed3ng kh\u00f4ng kh\u00ed b\u00ean trong.<\/span><\/p>\n<\/li>\n<\/ol>\n<p data-path-to-node=\"12\"><b class=\"\" data-path-to-node=\"12\" data-index-in-node=\"0\">Ph\u1ee5 Ki\u1ec7n X\u1ecbn<\/b><span class=\"\"> t\u1ef1 h\u00e0o l\u00e0 \u0111\u01a1n v\u1ecb cung c\u1ea5p linh ki\u1ec7n PC uy t\u00edn h\u00e0ng \u0111\u1ea7u.<\/span><span class=\"\"> Ch\u00fang t\u00f4i cam k\u1ebft s\u1ea3n ph\u1ea9m ch\u00ednh h\u00e3ng v\u1edbi ch\u1ebf \u0111\u1ed9 b\u1ea3o h\u00e0nh 1 \u0111\u1ed5i 1 nhanh ch\u00f3ng.<\/span><span class=\"\"> \u0110\u1ed9i ng\u0169 k\u1ef9 thu\u1eadt lu\u00f4n s\u1eb5n s\u00e0ng t\u01b0 v\u1ea5n s\u01a1 \u0111\u1ed3 l\u1eafp \u0111\u1eb7t gi\u00f3 t\u1ed1i \u01b0u nh\u1ea5t cho b\u1ea1n.<\/span><span class=\"\"> H\u00e3y gh\u00e9 ngay c\u1eeda h\u00e0ng \u0111\u1ec3 t\u00e2n trang cho d\u00e0n m\u00e1y c\u1ee7a m\u00ecnh th\u00eam r\u1ef1c r\u1ee1 v\u00e0 m\u00e1t m\u1ebb!<\/span><\/p>\n","protected":false},"excerpt":{"rendered":"<p>Qu\u1ea1t t\u1ea3n nhi\u1ec7t cho PC https:\/\/nguyencongpc.vn\/fan-leopard-interstellar-v4-den-pack-3?gad_source=1&amp;gad_campaignid=23307792620&amp;gbraid=0AAAAABR9T6srLVeFgzZYGutu9wfFyQVZ8&amp;gclid=CjwKCAjwhLPOBhBiEiwA8_wJHAzSfS-cbmXKykuUpO0-8SvXU7ggjJsMojZa8XTQphme4NJvRbFYYBoCORsQAvD_BwE QU\u1ea0T T\u1ea2N NHI\u1ec6T CASE RGB \u2013 M\u00c0N H\u00ccNH LCD HI\u1ec2N TH\u1eca TH\u00d4NG S\u1ed0 C\u1ef0C CH\u1ea4T H\u1ec7 th\u1ed1ng t\u1ea3n nhi\u1ec7t t\u1ed1t l\u00e0 y\u1ebfu t\u1ed1 s\u1ed1ng c\u00f2n cho m\u1ecdi d\u00e0n PC Gaming. Ngo\u00e0i t\u1ea3n nhi\u1ec7t CPU, c\u00e1c d\u00f2ng qu\u1ea1t h\u00fat v\u00e0 \u0111\u1ea9y gi\u00f3 \u0111\u00f3ng vai tr\u00f2 r\u1ea5t quan tr\u1ecdng. Ph\u1ee5 Ki\u1ec7n [&hellip;]<\/p>\n","protected":false},"featured_media":367,"comment_status":"open","ping_status":"closed","template":"","meta":{"_eb_attr":""},"product_brand":[],"product_cat":[20],"product_tag":[],"class_list":{"0":"post-363","1":"product","2":"type-product","3":"status-publish","4":"has-post-thumbnail","6":"product_cat-chua-phan-loai","8":"first","9":"instock","10":"shipping-taxable","11":"product-type-simple"},"yoast_head":"<!-- This site is optimized with the Yoast SEO plugin v27.4 - https:\/\/yoast.com\/product\/yoast-seo-wordpress\/ -->\n<title>Qu\u1ea1t t\u1ea3n nhi\u1ec7t cho PC - Phukienxin.<\/title>\n<meta name=\"description\" content=\"Mua qu\u1ea1t t\u1ea3n nhi\u1ec7t Case RGB t\u00edch h\u1ee3p m\u00e0n h\u00ecnh LCD t\u1ea1i Ph\u1ee5 Ki\u1ec7n X\u1ecbn. Hi\u1ec3n th\u1ecb t\u1ed1c \u0111\u1ed9 RPM, nhi\u1ec7t \u0111\u1ed9 h\u1ec7 th\u1ed1ng, LED r\u1ef1c r\u1ee1 cho PC gaming. B\u1ea3o h\u00e0nh 1 \u0111\u1ed5i 1\" \/>\n<meta name=\"robots\" content=\"index, follow, max-snippet:-1, max-image-preview:large, max-video-preview:-1\" \/>\n<link rel=\"canonical\" href=\"https:\/\/phukienxin.click\/index.php\/san-pham\/quat-tan-nhiet-cho-pc\/\" \/>\n<meta property=\"og:locale\" content=\"vi_VN\" \/>\n<meta property=\"og:type\" content=\"article\" \/>\n<meta property=\"og:title\" content=\"Qu\u1ea1t t\u1ea3n nhi\u1ec7t cho PC - Phukienxin.\" \/>\n<meta property=\"og:description\" content=\"Mua qu\u1ea1t t\u1ea3n nhi\u1ec7t Case RGB t\u00edch h\u1ee3p m\u00e0n h\u00ecnh LCD t\u1ea1i Ph\u1ee5 Ki\u1ec7n X\u1ecbn. Hi\u1ec3n th\u1ecb t\u1ed1c \u0111\u1ed9 RPM, nhi\u1ec7t \u0111\u1ed9 h\u1ec7 th\u1ed1ng, LED r\u1ef1c r\u1ee1 cho PC gaming. B\u1ea3o h\u00e0nh 1 \u0111\u1ed5i 1\" \/>\n<meta property=\"og:url\" content=\"https:\/\/phukienxin.click\/index.php\/san-pham\/quat-tan-nhiet-cho-pc\/\" \/>\n<meta property=\"og:site_name\" content=\"Phukienxin.\" \/>\n<meta property=\"article:modified_time\" content=\"2026-04-01T13:51:35+00:00\" \/>\n<meta property=\"og:image\" content=\"https:\/\/phukienxin.click\/wp-content\/uploads\/2026\/04\/Gemini_Generated_Image_nehvmcnehvmcnehv-1024x572.png\" \/>\n\t<meta property=\"og:image:width\" content=\"1024\" \/>\n\t<meta property=\"og:image:height\" content=\"572\" \/>\n\t<meta property=\"og:image:type\" content=\"image\/png\" \/>\n<meta name=\"twitter:card\" content=\"summary_large_image\" \/>\n<meta name=\"twitter:label1\" content=\"\u01af\u1edbc t\u00ednh th\u1eddi gian \u0111\u1ecdc\" \/>\n\t<meta name=\"twitter:data1\" content=\"3 ph\u00fat\" \/>\n<script type=\"application\/ld+json\" class=\"yoast-schema-graph\">{\"@context\":\"https:\\\/\\\/schema.org\",\"@graph\":[{\"@type\":\"WebPage\",\"@id\":\"https:\\\/\\\/phukienxin.click\\\/index.php\\\/san-pham\\\/quat-tan-nhiet-cho-pc\\\/\",\"url\":\"https:\\\/\\\/phukienxin.click\\\/index.php\\\/san-pham\\\/quat-tan-nhiet-cho-pc\\\/\",\"name\":\"Qu\u1ea1t t\u1ea3n nhi\u1ec7t cho PC - Phukienxin.\",\"isPartOf\":{\"@id\":\"https:\\\/\\\/phukienxin.click\\\/#website\"},\"primaryImageOfPage\":{\"@id\":\"https:\\\/\\\/phukienxin.click\\\/index.php\\\/san-pham\\\/quat-tan-nhiet-cho-pc\\\/#primaryimage\"},\"image\":{\"@id\":\"https:\\\/\\\/phukienxin.click\\\/index.php\\\/san-pham\\\/quat-tan-nhiet-cho-pc\\\/#primaryimage\"},\"thumbnailUrl\":\"https:\\\/\\\/phukienxin.click\\\/wp-content\\\/uploads\\\/2026\\\/04\\\/Gemini_Generated_Image_nehvmcnehvmcnehv.png\",\"datePublished\":\"2026-04-01T13:51:07+00:00\",\"dateModified\":\"2026-04-01T13:51:35+00:00\",\"description\":\"Mua qu\u1ea1t t\u1ea3n nhi\u1ec7t Case RGB t\u00edch h\u1ee3p m\u00e0n h\u00ecnh LCD t\u1ea1i Ph\u1ee5 Ki\u1ec7n X\u1ecbn. Hi\u1ec3n th\u1ecb t\u1ed1c \u0111\u1ed9 RPM, nhi\u1ec7t \u0111\u1ed9 h\u1ec7 th\u1ed1ng, LED r\u1ef1c r\u1ee1 cho PC gaming. B\u1ea3o h\u00e0nh 1 \u0111\u1ed5i 1\",\"breadcrumb\":{\"@id\":\"https:\\\/\\\/phukienxin.click\\\/index.php\\\/san-pham\\\/quat-tan-nhiet-cho-pc\\\/#breadcrumb\"},\"inLanguage\":\"vi\",\"potentialAction\":[{\"@type\":\"ReadAction\",\"target\":[\"https:\\\/\\\/phukienxin.click\\\/index.php\\\/san-pham\\\/quat-tan-nhiet-cho-pc\\\/\"]}]},{\"@type\":\"ImageObject\",\"inLanguage\":\"vi\",\"@id\":\"https:\\\/\\\/phukienxin.click\\\/index.php\\\/san-pham\\\/quat-tan-nhiet-cho-pc\\\/#primaryimage\",\"url\":\"https:\\\/\\\/phukienxin.click\\\/wp-content\\\/uploads\\\/2026\\\/04\\\/Gemini_Generated_Image_nehvmcnehvmcnehv.png\",\"contentUrl\":\"https:\\\/\\\/phukienxin.click\\\/wp-content\\\/uploads\\\/2026\\\/04\\\/Gemini_Generated_Image_nehvmcnehvmcnehv.png\",\"width\":1376,\"height\":768},{\"@type\":\"BreadcrumbList\",\"@id\":\"https:\\\/\\\/phukienxin.click\\\/index.php\\\/san-pham\\\/quat-tan-nhiet-cho-pc\\\/#breadcrumb\",\"itemListElement\":[{\"@type\":\"ListItem\",\"position\":1,\"name\":\"Trang ch\u1ee7\",\"item\":\"https:\\\/\\\/phukienxin.click\\\/\"},{\"@type\":\"ListItem\",\"position\":2,\"name\":\"Qu\u1ea1t t\u1ea3n nhi\u1ec7t\",\"item\":\"https:\\\/\\\/phukienxin.click\\\/?page_id=108\"},{\"@type\":\"ListItem\",\"position\":3,\"name\":\"Qu\u1ea1t t\u1ea3n nhi\u1ec7t cho PC\"}]},{\"@type\":\"WebSite\",\"@id\":\"https:\\\/\\\/phukienxin.click\\\/#website\",\"url\":\"https:\\\/\\\/phukienxin.click\\\/\",\"name\":\"Phukienxin.\",\"description\":\"\",\"potentialAction\":[{\"@type\":\"SearchAction\",\"target\":{\"@type\":\"EntryPoint\",\"urlTemplate\":\"https:\\\/\\\/phukienxin.click\\\/?s={search_term_string}\"},\"query-input\":{\"@type\":\"PropertyValueSpecification\",\"valueRequired\":true,\"valueName\":\"search_term_string\"}}],\"inLanguage\":\"vi\"}]}<\/script>\n<!-- \/ Yoast SEO plugin. -->","yoast_head_json":{"title":"Qu\u1ea1t t\u1ea3n nhi\u1ec7t cho PC - Phukienxin.","description":"Mua qu\u1ea1t t\u1ea3n nhi\u1ec7t Case RGB t\u00edch h\u1ee3p m\u00e0n h\u00ecnh LCD t\u1ea1i Ph\u1ee5 Ki\u1ec7n X\u1ecbn. Hi\u1ec3n th\u1ecb t\u1ed1c \u0111\u1ed9 RPM, nhi\u1ec7t \u0111\u1ed9 h\u1ec7 th\u1ed1ng, LED r\u1ef1c r\u1ee1 cho PC gaming. B\u1ea3o h\u00e0nh 1 \u0111\u1ed5i 1","robots":{"index":"index","follow":"follow","max-snippet":"max-snippet:-1","max-image-preview":"max-image-preview:large","max-video-preview":"max-video-preview:-1"},"canonical":"https:\/\/phukienxin.click\/index.php\/san-pham\/quat-tan-nhiet-cho-pc\/","og_locale":"vi_VN","og_type":"article","og_title":"Qu\u1ea1t t\u1ea3n nhi\u1ec7t cho PC - Phukienxin.","og_description":"Mua qu\u1ea1t t\u1ea3n nhi\u1ec7t Case RGB t\u00edch h\u1ee3p m\u00e0n h\u00ecnh LCD t\u1ea1i Ph\u1ee5 Ki\u1ec7n X\u1ecbn. Hi\u1ec3n th\u1ecb t\u1ed1c \u0111\u1ed9 RPM, nhi\u1ec7t \u0111\u1ed9 h\u1ec7 th\u1ed1ng, LED r\u1ef1c r\u1ee1 cho PC gaming. B\u1ea3o h\u00e0nh 1 \u0111\u1ed5i 1","og_url":"https:\/\/phukienxin.click\/index.php\/san-pham\/quat-tan-nhiet-cho-pc\/","og_site_name":"Phukienxin.","article_modified_time":"2026-04-01T13:51:35+00:00","og_image":[{"width":1024,"height":572,"url":"https:\/\/phukienxin.click\/wp-content\/uploads\/2026\/04\/Gemini_Generated_Image_nehvmcnehvmcnehv-1024x572.png","type":"image\/png"}],"twitter_card":"summary_large_image","twitter_misc":{"\u01af\u1edbc t\u00ednh th\u1eddi gian \u0111\u1ecdc":"3 ph\u00fat"},"schema":{"@context":"https:\/\/schema.org","@graph":[{"@type":"WebPage","@id":"https:\/\/phukienxin.click\/index.php\/san-pham\/quat-tan-nhiet-cho-pc\/","url":"https:\/\/phukienxin.click\/index.php\/san-pham\/quat-tan-nhiet-cho-pc\/","name":"Qu\u1ea1t t\u1ea3n nhi\u1ec7t cho PC - Phukienxin.","isPartOf":{"@id":"https:\/\/phukienxin.click\/#website"},"primaryImageOfPage":{"@id":"https:\/\/phukienxin.click\/index.php\/san-pham\/quat-tan-nhiet-cho-pc\/#primaryimage"},"image":{"@id":"https:\/\/phukienxin.click\/index.php\/san-pham\/quat-tan-nhiet-cho-pc\/#primaryimage"},"thumbnailUrl":"https:\/\/phukienxin.click\/wp-content\/uploads\/2026\/04\/Gemini_Generated_Image_nehvmcnehvmcnehv.png","datePublished":"2026-04-01T13:51:07+00:00","dateModified":"2026-04-01T13:51:35+00:00","description":"Mua qu\u1ea1t t\u1ea3n nhi\u1ec7t Case RGB t\u00edch h\u1ee3p m\u00e0n h\u00ecnh LCD t\u1ea1i Ph\u1ee5 Ki\u1ec7n X\u1ecbn. Hi\u1ec3n th\u1ecb t\u1ed1c \u0111\u1ed9 RPM, nhi\u1ec7t \u0111\u1ed9 h\u1ec7 th\u1ed1ng, LED r\u1ef1c r\u1ee1 cho PC gaming. B\u1ea3o h\u00e0nh 1 \u0111\u1ed5i 1","breadcrumb":{"@id":"https:\/\/phukienxin.click\/index.php\/san-pham\/quat-tan-nhiet-cho-pc\/#breadcrumb"},"inLanguage":"vi","potentialAction":[{"@type":"ReadAction","target":["https:\/\/phukienxin.click\/index.php\/san-pham\/quat-tan-nhiet-cho-pc\/"]}]},{"@type":"ImageObject","inLanguage":"vi","@id":"https:\/\/phukienxin.click\/index.php\/san-pham\/quat-tan-nhiet-cho-pc\/#primaryimage","url":"https:\/\/phukienxin.click\/wp-content\/uploads\/2026\/04\/Gemini_Generated_Image_nehvmcnehvmcnehv.png","contentUrl":"https:\/\/phukienxin.click\/wp-content\/uploads\/2026\/04\/Gemini_Generated_Image_nehvmcnehvmcnehv.png","width":1376,"height":768},{"@type":"BreadcrumbList","@id":"https:\/\/phukienxin.click\/index.php\/san-pham\/quat-tan-nhiet-cho-pc\/#breadcrumb","itemListElement":[{"@type":"ListItem","position":1,"name":"Trang ch\u1ee7","item":"https:\/\/phukienxin.click\/"},{"@type":"ListItem","position":2,"name":"Qu\u1ea1t t\u1ea3n nhi\u1ec7t","item":"https:\/\/phukienxin.click\/?page_id=108"},{"@type":"ListItem","position":3,"name":"Qu\u1ea1t t\u1ea3n nhi\u1ec7t cho PC"}]},{"@type":"WebSite","@id":"https:\/\/phukienxin.click\/#website","url":"https:\/\/phukienxin.click\/","name":"Phukienxin.","description":"","potentialAction":[{"@type":"SearchAction","target":{"@type":"EntryPoint","urlTemplate":"https:\/\/phukienxin.click\/?s={search_term_string}"},"query-input":{"@type":"PropertyValueSpecification","valueRequired":true,"valueName":"search_term_string"}}],"inLanguage":"vi"}]}},"jetpack_sharing_enabled":true,"_links":{"self":[{"href":"https:\/\/phukienxin.click\/index.php\/wp-json\/wp\/v2\/product\/363","targetHints":{"allow":["GET"]}}],"collection":[{"href":"https:\/\/phukienxin.click\/index.php\/wp-json\/wp\/v2\/product"}],"about":[{"href":"https:\/\/phukienxin.click\/index.php\/wp-json\/wp\/v2\/types\/product"}],"replies":[{"embeddable":true,"href":"https:\/\/phukienxin.click\/index.php\/wp-json\/wp\/v2\/comments?post=363"}],"wp:featuredmedia":[{"embeddable":true,"href":"https:\/\/phukienxin.click\/index.php\/wp-json\/wp\/v2\/media\/367"}],"wp:attachment":[{"href":"https:\/\/phukienxin.click\/index.php\/wp-json\/wp\/v2\/media?parent=363"}],"wp:term":[{"taxonomy":"product_brand","embeddable":true,"href":"https:\/\/phukienxin.click\/index.php\/wp-json\/wp\/v2\/product_brand?post=363"},{"taxonomy":"product_cat","embeddable":true,"href":"https:\/\/phukienxin.click\/index.php\/wp-json\/wp\/v2\/product_cat?post=363"},{"taxonomy":"product_tag","embeddable":true,"href":"https:\/\/phukienxin.click\/index.php\/wp-json\/wp\/v2\/product_tag?post=363"}],"curies":[{"name":"wp","href":"https:\/\/api.w.org\/{rel}","templated":true}]}}