{"id":359,"date":"2026-04-01T13:24:16","date_gmt":"2026-04-01T13:24:16","guid":{"rendered":"https:\/\/phukienxin.click\/?post_type=product&#038;p=359"},"modified":"2026-04-01T13:24:16","modified_gmt":"2026-04-01T13:24:16","slug":"tan-nhiet-nuoc-aio-cho-pc","status":"publish","type":"product","link":"https:\/\/phukienxin.click\/index.php\/san-pham\/tan-nhiet-nuoc-aio-cho-pc\/","title":{"rendered":"T\u1ea3n nhi\u1ec7t n\u01b0\u1edbc AIO cho PC"},"content":{"rendered":"<p>T\u1ea3n nhi\u1ec7t n\u01b0\u1edbc AIO cho PC<\/p>\n<p><a href=\"https:\/\/phukienxin.click\/wp-content\/uploads\/2026\/04\/z7681371802897_360abe7250df82821cee7a7da01ff67f.jpg\"><img loading=\"lazy\" decoding=\"async\" class=\"alignnone size-medium wp-image-360\" src=\"https:\/\/phukienxin.click\/wp-content\/uploads\/2026\/04\/z7681371802897_360abe7250df82821cee7a7da01ff67f-300x168.jpg\" alt=\"\" width=\"300\" height=\"168\" srcset=\"https:\/\/phukienxin.click\/wp-content\/uploads\/2026\/04\/z7681371802897_360abe7250df82821cee7a7da01ff67f-300x168.jpg 300w, https:\/\/phukienxin.click\/wp-content\/uploads\/2026\/04\/z7681371802897_360abe7250df82821cee7a7da01ff67f-768x429.jpg 768w, https:\/\/phukienxin.click\/wp-content\/uploads\/2026\/04\/z7681371802897_360abe7250df82821cee7a7da01ff67f-600x335.jpg 600w, https:\/\/phukienxin.click\/wp-content\/uploads\/2026\/04\/z7681371802897_360abe7250df82821cee7a7da01ff67f.jpg 1024w\" sizes=\"auto, (max-width: 300px) 100vw, 300px\" \/><\/a><\/p>\n<p><a href=\"https:\/\/hacom.vn\/tan-nhiet-nuoc-all-in-one\">https:\/\/hacom.vn\/tan-nhiet-nuoc-all-in-one<\/a><\/p>\n<p data-path-to-node=\"0\">\u0110\u1ec3 b\u00e0i vi\u1ebft <b data-path-to-node=\"0\" data-index-in-node=\"12\">T\u1ea3n nhi\u1ec7t n\u01b0\u1edbc AIO<\/b> n\u00e0y &#8220;xanh m\u01b0\u1edbt&#8221; ngay t\u1eeb l\u1ea7n \u0111\u1ea7u \u0111\u0103ng gi\u1ed1ng nh\u01b0 con s\u00f2 l\u1ea1nh, m\u00ecnh \u0111\u00e3 t\u1ed1i \u01b0u s\u1eb5n \u0111\u1ed9 d\u00e0i c\u00e2u, t\u1eeb kh\u00f3a v\u00e0 c\u00e1c ti\u00eau \u0111\u1ec1 ph\u1ee5 cho b\u1ea1n r\u1ed3i \u0111\u00e2y.<\/p>\n<p data-path-to-node=\"1\">B\u1ea1n ch\u1ec9 c\u1ea7n copy v\u00e0 d\u00e1n v\u00e0o WordPress c\u1ee7a <b data-path-to-node=\"1\" data-index-in-node=\"42\">Ph\u1ee5 Ki\u1ec7n X\u1ecbn<\/b> l\u00e0 chu\u1ea9n b\u00e0i nh\u00e9!<\/p>\n<hr data-path-to-node=\"2\" \/>\n<h2 data-path-to-node=\"3\"><b data-path-to-node=\"3\" data-index-in-node=\"0\">T\u1ea2N NHI\u1ec6T N\u01af\u1edaC AIO CAO C\u1ea4P \u2013 M\u00c0N H\u00ccNH LCD HI\u1ec2N TH\u1eca NHI\u1ec6T \u0110\u1ed8 TH\u1edcI GIAN TH\u1ef0C<\/b><\/h2>\n<p data-path-to-node=\"4\">B\u1ea1n lo l\u1eafng v\u00ec CPU lu\u00f4n qu\u00e1 nhi\u1ec7t khi render hay chi\u1ebfn game n\u1eb7ng? H\u1ec7 th\u1ed1ng t\u1ea3n nhi\u1ec7t kh\u00ed th\u00f4ng th\u01b0\u1eddng kh\u00f4ng c\u00f2n \u0111\u1ee7 s\u1ee9c \u0111\u00e1p \u1ee9ng? <b data-path-to-node=\"4\" data-index-in-node=\"128\">Ph\u1ee5 Ki\u1ec7n X\u1ecbn<\/b> mang \u0111\u1ebfn gi\u1ea3i ph\u00e1p t\u1ed1i th\u01b0\u1ee3ng: <b data-path-to-node=\"4\" data-index-in-node=\"172\">T\u1ea3n nhi\u1ec7t n\u01b0\u1edbc AIO Gaming PX-Aurora<\/b>. \u0110\u00e2y l\u00e0 d\u00f2ng t\u1ea3n nhi\u1ec7t n\u01b0\u1edbc t\u1ea5t c\u1ea3 trong m\u1ed9t (All-in-One). S\u1ea3n ph\u1ea9m s\u1edf h\u1eefu thi\u1ebft k\u1ebf \u0111\u1ed9t ph\u00e1 v\u1edbi m\u00e0n h\u00ecnh LCD hi\u1ec3n th\u1ecb th\u00f4ng s\u1ed1 c\u1ef1c ch\u1ea5t.<\/p>\n<h3 data-path-to-node=\"5\"><b data-path-to-node=\"5\" data-index-in-node=\"0\">\u01afU \u0110I\u1ec2M C\u1ee6A T\u1ea2N NHI\u1ec6T N\u01af\u1edaC AIO T\u1ea0I PH\u1ee4 KI\u1ec6N X\u1ecaN<\/b><\/h3>\n<p data-path-to-node=\"6\">S\u1eed d\u1ee5ng <b data-path-to-node=\"6\" data-index-in-node=\"8\">t\u1ea3n nhi\u1ec7t n\u01b0\u1edbc AIO<\/b> gi\u00fap duy tr\u00ec nhi\u1ec7t \u0111\u1ed9 CPU \u1edf m\u1ee9c l\u00fd t\u01b0\u1edfng. \u0110i\u1ec3m \u0111\u1eb7c bi\u1ec7t nh\u1ea5t ch\u00ednh l\u00e0 m\u00e0n h\u00ecnh LCD t\u00edch h\u1ee3p tr\u00ean m\u1eb7t block t\u1ea3n nhi\u1ec7t. M\u00e0n h\u00ecnh n\u00e0y cho ph\u00e9p b\u1ea1n theo d\u00f5i nhi\u1ec7t \u0111\u1ed9 v\u00e0 t\u1ed1c \u0111\u1ed9 qu\u1ea1t tr\u1ef1c ti\u1ebfp. N\u00f3 gi\u00fap g\u00f3c m\u00e1y c\u1ee7a b\u1ea1n tr\u1edf n\u00ean chuy\u00ean nghi\u1ec7p v\u00e0 hi\u1ec7n \u0111\u1ea1i h\u01a1n bao gi\u1edd h\u1ebft.<\/p>\n<p data-path-to-node=\"7\">H\u1ec7 th\u1ed1ng qu\u1ea1t t\u1ea3n nhi\u1ec7t k\u00e9p k\u1ebft h\u1ee3p c\u00f9ng k\u00e9t n\u01b0\u1edbc (Radiator) di\u1ec7n t\u00edch l\u1edbn. Nh\u1edd \u0111\u00f3, nhi\u1ec7t l\u01b0\u1ee3ng \u0111\u01b0\u1ee3c gi\u1ea3i t\u1ecfa nhanh ch\u00f3ng ra b\u00ean ngo\u00e0i. C\u00f4ng ngh\u1ec7 pump (b\u01a1m) th\u1ebf h\u1ec7 m\u1edbi v\u1eadn h\u00e0nh c\u1ef1c k\u1ef3 \u00eam \u00e1i. B\u1ea1n s\u1ebd kh\u00f4ng c\u00f2n kh\u00f3 ch\u1ecbu b\u1edfi ti\u1ebfng \u1ed3n \u0111\u1ed9ng c\u01a1 khi l\u00e0m vi\u1ec7c ban \u0111\u00eam.<\/p>\n<h3 data-path-to-node=\"8\"><b data-path-to-node=\"8\" data-index-in-node=\"0\">T\u1ea0I SAO N\u00caN MUA T\u1ea2N NHI\u1ec6T N\u01af\u1edaC AIO \u0110\u1ec2 CHI\u1ebeN GAME?<\/b><\/h3>\n<p data-path-to-node=\"9\">Vi\u1ec7c trang b\u1ecb <b data-path-to-node=\"9\" data-index-in-node=\"14\">t\u1ea3n nhi\u1ec7t n\u01b0\u1edbc AIO<\/b> l\u00e0 kho\u1ea3n \u0111\u1ea7u t\u01b0 x\u1ee9ng \u0111\u00e1ng cho d\u00e0n PC. N\u00f3 gi\u00fap k\u00e9o d\u00e0i tu\u1ed5i th\u1ecd cho CPU c\u1ee7a b\u1ea1n m\u1ed9t c\u00e1ch hi\u1ec7u qu\u1ea3. Khi h\u1ec7 th\u1ed1ng lu\u00f4n m\u00e1t m\u1ebb, hi\u1ec7u n\u0103ng x\u1eed l\u00fd s\u1ebd \u0111\u1ea1t m\u1ee9c t\u1ed1i \u0111a. B\u1ea1n s\u1ebd kh\u00f4ng g\u1eb7p ph\u1ea3i t\u00ecnh tr\u1ea1ng gi\u1eadt lag hay t\u1ee5t xung khi \u0111ang combat g\u1eaft.<\/p>\n<p data-path-to-node=\"10\"><b data-path-to-node=\"10\" data-index-in-node=\"0\">H\u01b0\u1edbng d\u1eabn l\u1eafp \u0111\u1eb7t v\u00e0 b\u1ea3o tr\u00ec:<\/b><\/p>\n<ol start=\"1\" data-path-to-node=\"11\">\n<li>\n<p data-path-to-node=\"11,0,0\">Ki\u1ec3m tra kh\u00f4ng gian th\u00f9ng m\u00e1y \u0111\u1ec3 \u0111\u1ea3m b\u1ea3o v\u1eeba kh\u00edt k\u00e9t n\u01b0\u1edbc 240mm ho\u1eb7c 360mm.<\/p>\n<\/li>\n<li>\n<p data-path-to-node=\"11,1,0\">Thoa kem t\u1ea3n nhi\u1ec7t ch\u1ea5t l\u01b0\u1ee3ng cao \u0111\u1ec3 t\u0103ng hi\u1ec7u qu\u1ea3 truy\u1ec1n nhi\u1ec7t.<\/p>\n<\/li>\n<li>\n<p data-path-to-node=\"11,2,0\">V\u1ec7 sinh b\u1ee5i b\u1ea9n b\u00e1m tr\u00ean c\u00e1nh qu\u1ea1t \u0111\u1ecbnh k\u1ef3 3-6 th\u00e1ng m\u1ed9t l\u1ea7n.<\/p>\n<\/li>\n<\/ol>\n<p data-path-to-node=\"12\"><b data-path-to-node=\"12\" data-index-in-node=\"0\">Ph\u1ee5 Ki\u1ec7n X\u1ecbn<\/b> cam k\u1ebft cung c\u1ea5p c\u00e1c d\u00f2ng <b data-path-to-node=\"12\" data-index-in-node=\"39\">t\u1ea3n nhi\u1ec7t n\u01b0\u1edbc AIO<\/b> ch\u00ednh h\u00e3ng. S\u1ea3n ph\u1ea9m \u0111\u01b0\u1ee3c b\u1ea3o h\u00e0nh l\u1ed7i 1 \u0111\u1ed5i 1 trong th\u1eddi gian d\u00e0i. Ch\u00fang t\u00f4i h\u1ed7 tr\u1ee3 t\u01b0 v\u1ea5n l\u1eafp \u0111\u1eb7t t\u1eadn t\u00ecnh cho m\u1ecdi d\u00f2ng mainboard hi\u1ec7n nay. \u0110\u1eebng \u0111\u1ec3 nhi\u1ec7t \u0111\u1ed9 k\u00ecm h\u00e3m s\u1ee9c m\u1ea1nh d\u00e0n m\u00e1y c\u1ee7a b\u1ea1n. H\u00e3y n\u00e2ng c\u1ea5p ngay h\u1ec7 th\u1ed1ng t\u1ea3n nhi\u1ec7t n\u01b0\u1edbc t\u1ea1i c\u1eeda h\u00e0ng ch\u00fang t\u00f4i \u0111\u1ec3 tr\u1ea3i nghi\u1ec7m s\u1ef1 kh\u00e1c bi\u1ec7t!<\/p>\n","protected":false},"excerpt":{"rendered":"<p>T\u1ea3n nhi\u1ec7t n\u01b0\u1edbc AIO cho PC https:\/\/hacom.vn\/tan-nhiet-nuoc-all-in-one \u0110\u1ec3 b\u00e0i vi\u1ebft T\u1ea3n nhi\u1ec7t n\u01b0\u1edbc AIO n\u00e0y &#8220;xanh m\u01b0\u1edbt&#8221; ngay t\u1eeb l\u1ea7n \u0111\u1ea7u \u0111\u0103ng gi\u1ed1ng nh\u01b0 con s\u00f2 l\u1ea1nh, m\u00ecnh \u0111\u00e3 t\u1ed1i \u01b0u s\u1eb5n \u0111\u1ed9 d\u00e0i c\u00e2u, t\u1eeb kh\u00f3a v\u00e0 c\u00e1c ti\u00eau \u0111\u1ec1 ph\u1ee5 cho b\u1ea1n r\u1ed3i \u0111\u00e2y. B\u1ea1n ch\u1ec9 c\u1ea7n copy v\u00e0 d\u00e1n v\u00e0o WordPress c\u1ee7a [&hellip;]<\/p>\n","protected":false},"featured_media":360,"comment_status":"open","ping_status":"closed","template":"","meta":{"_eb_attr":""},"product_brand":[],"product_cat":[20],"product_tag":[],"class_list":{"0":"post-359","1":"product","2":"type-product","3":"status-publish","4":"has-post-thumbnail","6":"product_cat-chua-phan-loai","8":"first","9":"instock","10":"shipping-taxable","11":"product-type-simple"},"yoast_head":"<!-- This site is optimized with the Yoast SEO plugin v27.4 - https:\/\/yoast.com\/product\/yoast-seo-wordpress\/ -->\n<title>T\u1ea3n nhi\u1ec7t n\u01b0\u1edbc AIO cho PC - Phukienxin.<\/title>\n<meta name=\"description\" content=\"T\u1ea3n nhi\u1ec7t n\u01b0\u1edbc AIO cho PC c\u00f3 m\u00e0n h\u00ecnh LCD t\u1ea1i Ph\u1ee5 Ki\u1ec7n X\u1ecbn. Hi\u1ec3n th\u1ecb nhi\u1ec7t \u0111\u1ed9 CPU, LED RGB c\u1ef1c \u0111\u1eb9p, l\u00e0m m\u00e1t si\u00eau t\u1ed1c cho PC gaming. B\u1ea3o h\u00e0nh 1 \u0111\u1ed5i 1\" \/>\n<meta name=\"robots\" content=\"index, follow, max-snippet:-1, max-image-preview:large, max-video-preview:-1\" \/>\n<link rel=\"canonical\" href=\"https:\/\/phukienxin.click\/index.php\/san-pham\/tan-nhiet-nuoc-aio-cho-pc\/\" \/>\n<meta property=\"og:locale\" content=\"vi_VN\" \/>\n<meta property=\"og:type\" content=\"article\" \/>\n<meta property=\"og:title\" content=\"T\u1ea3n nhi\u1ec7t n\u01b0\u1edbc AIO cho PC - Phukienxin.\" \/>\n<meta property=\"og:description\" content=\"T\u1ea3n nhi\u1ec7t n\u01b0\u1edbc AIO cho PC c\u00f3 m\u00e0n h\u00ecnh LCD t\u1ea1i Ph\u1ee5 Ki\u1ec7n X\u1ecbn. Hi\u1ec3n th\u1ecb nhi\u1ec7t \u0111\u1ed9 CPU, LED RGB c\u1ef1c \u0111\u1eb9p, l\u00e0m m\u00e1t si\u00eau t\u1ed1c cho PC gaming. B\u1ea3o h\u00e0nh 1 \u0111\u1ed5i 1\" \/>\n<meta property=\"og:url\" content=\"https:\/\/phukienxin.click\/index.php\/san-pham\/tan-nhiet-nuoc-aio-cho-pc\/\" \/>\n<meta property=\"og:site_name\" content=\"Phukienxin.\" \/>\n<meta property=\"og:image\" content=\"https:\/\/phukienxin.click\/wp-content\/uploads\/2026\/04\/z7681371802897_360abe7250df82821cee7a7da01ff67f.jpg\" \/>\n\t<meta property=\"og:image:width\" content=\"1024\" \/>\n\t<meta property=\"og:image:height\" content=\"572\" \/>\n\t<meta property=\"og:image:type\" content=\"image\/jpeg\" \/>\n<meta name=\"twitter:card\" content=\"summary_large_image\" \/>\n<meta name=\"twitter:label1\" content=\"\u01af\u1edbc t\u00ednh th\u1eddi gian \u0111\u1ecdc\" \/>\n\t<meta name=\"twitter:data1\" content=\"4 ph\u00fat\" \/>\n<script type=\"application\/ld+json\" class=\"yoast-schema-graph\">{\"@context\":\"https:\\\/\\\/schema.org\",\"@graph\":[{\"@type\":\"WebPage\",\"@id\":\"https:\\\/\\\/phukienxin.click\\\/index.php\\\/san-pham\\\/tan-nhiet-nuoc-aio-cho-pc\\\/\",\"url\":\"https:\\\/\\\/phukienxin.click\\\/index.php\\\/san-pham\\\/tan-nhiet-nuoc-aio-cho-pc\\\/\",\"name\":\"T\u1ea3n nhi\u1ec7t n\u01b0\u1edbc AIO cho PC - Phukienxin.\",\"isPartOf\":{\"@id\":\"https:\\\/\\\/phukienxin.click\\\/#website\"},\"primaryImageOfPage\":{\"@id\":\"https:\\\/\\\/phukienxin.click\\\/index.php\\\/san-pham\\\/tan-nhiet-nuoc-aio-cho-pc\\\/#primaryimage\"},\"image\":{\"@id\":\"https:\\\/\\\/phukienxin.click\\\/index.php\\\/san-pham\\\/tan-nhiet-nuoc-aio-cho-pc\\\/#primaryimage\"},\"thumbnailUrl\":\"https:\\\/\\\/phukienxin.click\\\/wp-content\\\/uploads\\\/2026\\\/04\\\/z7681371802897_360abe7250df82821cee7a7da01ff67f.jpg\",\"datePublished\":\"2026-04-01T13:24:16+00:00\",\"description\":\"T\u1ea3n nhi\u1ec7t n\u01b0\u1edbc AIO cho PC c\u00f3 m\u00e0n h\u00ecnh LCD t\u1ea1i Ph\u1ee5 Ki\u1ec7n X\u1ecbn. Hi\u1ec3n th\u1ecb nhi\u1ec7t \u0111\u1ed9 CPU, LED RGB c\u1ef1c \u0111\u1eb9p, l\u00e0m m\u00e1t si\u00eau t\u1ed1c cho PC gaming. B\u1ea3o h\u00e0nh 1 \u0111\u1ed5i 1\",\"breadcrumb\":{\"@id\":\"https:\\\/\\\/phukienxin.click\\\/index.php\\\/san-pham\\\/tan-nhiet-nuoc-aio-cho-pc\\\/#breadcrumb\"},\"inLanguage\":\"vi\",\"potentialAction\":[{\"@type\":\"ReadAction\",\"target\":[\"https:\\\/\\\/phukienxin.click\\\/index.php\\\/san-pham\\\/tan-nhiet-nuoc-aio-cho-pc\\\/\"]}]},{\"@type\":\"ImageObject\",\"inLanguage\":\"vi\",\"@id\":\"https:\\\/\\\/phukienxin.click\\\/index.php\\\/san-pham\\\/tan-nhiet-nuoc-aio-cho-pc\\\/#primaryimage\",\"url\":\"https:\\\/\\\/phukienxin.click\\\/wp-content\\\/uploads\\\/2026\\\/04\\\/z7681371802897_360abe7250df82821cee7a7da01ff67f.jpg\",\"contentUrl\":\"https:\\\/\\\/phukienxin.click\\\/wp-content\\\/uploads\\\/2026\\\/04\\\/z7681371802897_360abe7250df82821cee7a7da01ff67f.jpg\",\"width\":1024,\"height\":572},{\"@type\":\"BreadcrumbList\",\"@id\":\"https:\\\/\\\/phukienxin.click\\\/index.php\\\/san-pham\\\/tan-nhiet-nuoc-aio-cho-pc\\\/#breadcrumb\",\"itemListElement\":[{\"@type\":\"ListItem\",\"position\":1,\"name\":\"Trang ch\u1ee7\",\"item\":\"https:\\\/\\\/phukienxin.click\\\/\"},{\"@type\":\"ListItem\",\"position\":2,\"name\":\"Qu\u1ea1t t\u1ea3n nhi\u1ec7t\",\"item\":\"https:\\\/\\\/phukienxin.click\\\/?page_id=108\"},{\"@type\":\"ListItem\",\"position\":3,\"name\":\"T\u1ea3n nhi\u1ec7t n\u01b0\u1edbc AIO cho PC\"}]},{\"@type\":\"WebSite\",\"@id\":\"https:\\\/\\\/phukienxin.click\\\/#website\",\"url\":\"https:\\\/\\\/phukienxin.click\\\/\",\"name\":\"Phukienxin.\",\"description\":\"\",\"potentialAction\":[{\"@type\":\"SearchAction\",\"target\":{\"@type\":\"EntryPoint\",\"urlTemplate\":\"https:\\\/\\\/phukienxin.click\\\/?s={search_term_string}\"},\"query-input\":{\"@type\":\"PropertyValueSpecification\",\"valueRequired\":true,\"valueName\":\"search_term_string\"}}],\"inLanguage\":\"vi\"}]}<\/script>\n<!-- \/ Yoast SEO plugin. -->","yoast_head_json":{"title":"T\u1ea3n nhi\u1ec7t n\u01b0\u1edbc AIO cho PC - Phukienxin.","description":"T\u1ea3n nhi\u1ec7t n\u01b0\u1edbc AIO cho PC c\u00f3 m\u00e0n h\u00ecnh LCD t\u1ea1i Ph\u1ee5 Ki\u1ec7n X\u1ecbn. Hi\u1ec3n th\u1ecb nhi\u1ec7t \u0111\u1ed9 CPU, LED RGB c\u1ef1c \u0111\u1eb9p, l\u00e0m m\u00e1t si\u00eau t\u1ed1c cho PC gaming. B\u1ea3o h\u00e0nh 1 \u0111\u1ed5i 1","robots":{"index":"index","follow":"follow","max-snippet":"max-snippet:-1","max-image-preview":"max-image-preview:large","max-video-preview":"max-video-preview:-1"},"canonical":"https:\/\/phukienxin.click\/index.php\/san-pham\/tan-nhiet-nuoc-aio-cho-pc\/","og_locale":"vi_VN","og_type":"article","og_title":"T\u1ea3n nhi\u1ec7t n\u01b0\u1edbc AIO cho PC - Phukienxin.","og_description":"T\u1ea3n nhi\u1ec7t n\u01b0\u1edbc AIO cho PC c\u00f3 m\u00e0n h\u00ecnh LCD t\u1ea1i Ph\u1ee5 Ki\u1ec7n X\u1ecbn. Hi\u1ec3n th\u1ecb nhi\u1ec7t \u0111\u1ed9 CPU, LED RGB c\u1ef1c \u0111\u1eb9p, l\u00e0m m\u00e1t si\u00eau t\u1ed1c cho PC gaming. B\u1ea3o h\u00e0nh 1 \u0111\u1ed5i 1","og_url":"https:\/\/phukienxin.click\/index.php\/san-pham\/tan-nhiet-nuoc-aio-cho-pc\/","og_site_name":"Phukienxin.","og_image":[{"width":1024,"height":572,"url":"https:\/\/phukienxin.click\/wp-content\/uploads\/2026\/04\/z7681371802897_360abe7250df82821cee7a7da01ff67f.jpg","type":"image\/jpeg"}],"twitter_card":"summary_large_image","twitter_misc":{"\u01af\u1edbc t\u00ednh th\u1eddi gian \u0111\u1ecdc":"4 ph\u00fat"},"schema":{"@context":"https:\/\/schema.org","@graph":[{"@type":"WebPage","@id":"https:\/\/phukienxin.click\/index.php\/san-pham\/tan-nhiet-nuoc-aio-cho-pc\/","url":"https:\/\/phukienxin.click\/index.php\/san-pham\/tan-nhiet-nuoc-aio-cho-pc\/","name":"T\u1ea3n nhi\u1ec7t n\u01b0\u1edbc AIO cho PC - Phukienxin.","isPartOf":{"@id":"https:\/\/phukienxin.click\/#website"},"primaryImageOfPage":{"@id":"https:\/\/phukienxin.click\/index.php\/san-pham\/tan-nhiet-nuoc-aio-cho-pc\/#primaryimage"},"image":{"@id":"https:\/\/phukienxin.click\/index.php\/san-pham\/tan-nhiet-nuoc-aio-cho-pc\/#primaryimage"},"thumbnailUrl":"https:\/\/phukienxin.click\/wp-content\/uploads\/2026\/04\/z7681371802897_360abe7250df82821cee7a7da01ff67f.jpg","datePublished":"2026-04-01T13:24:16+00:00","description":"T\u1ea3n nhi\u1ec7t n\u01b0\u1edbc AIO cho PC c\u00f3 m\u00e0n h\u00ecnh LCD t\u1ea1i Ph\u1ee5 Ki\u1ec7n X\u1ecbn. Hi\u1ec3n th\u1ecb nhi\u1ec7t \u0111\u1ed9 CPU, LED RGB c\u1ef1c \u0111\u1eb9p, l\u00e0m m\u00e1t si\u00eau t\u1ed1c cho PC gaming. B\u1ea3o h\u00e0nh 1 \u0111\u1ed5i 1","breadcrumb":{"@id":"https:\/\/phukienxin.click\/index.php\/san-pham\/tan-nhiet-nuoc-aio-cho-pc\/#breadcrumb"},"inLanguage":"vi","potentialAction":[{"@type":"ReadAction","target":["https:\/\/phukienxin.click\/index.php\/san-pham\/tan-nhiet-nuoc-aio-cho-pc\/"]}]},{"@type":"ImageObject","inLanguage":"vi","@id":"https:\/\/phukienxin.click\/index.php\/san-pham\/tan-nhiet-nuoc-aio-cho-pc\/#primaryimage","url":"https:\/\/phukienxin.click\/wp-content\/uploads\/2026\/04\/z7681371802897_360abe7250df82821cee7a7da01ff67f.jpg","contentUrl":"https:\/\/phukienxin.click\/wp-content\/uploads\/2026\/04\/z7681371802897_360abe7250df82821cee7a7da01ff67f.jpg","width":1024,"height":572},{"@type":"BreadcrumbList","@id":"https:\/\/phukienxin.click\/index.php\/san-pham\/tan-nhiet-nuoc-aio-cho-pc\/#breadcrumb","itemListElement":[{"@type":"ListItem","position":1,"name":"Trang ch\u1ee7","item":"https:\/\/phukienxin.click\/"},{"@type":"ListItem","position":2,"name":"Qu\u1ea1t t\u1ea3n nhi\u1ec7t","item":"https:\/\/phukienxin.click\/?page_id=108"},{"@type":"ListItem","position":3,"name":"T\u1ea3n nhi\u1ec7t n\u01b0\u1edbc AIO cho PC"}]},{"@type":"WebSite","@id":"https:\/\/phukienxin.click\/#website","url":"https:\/\/phukienxin.click\/","name":"Phukienxin.","description":"","potentialAction":[{"@type":"SearchAction","target":{"@type":"EntryPoint","urlTemplate":"https:\/\/phukienxin.click\/?s={search_term_string}"},"query-input":{"@type":"PropertyValueSpecification","valueRequired":true,"valueName":"search_term_string"}}],"inLanguage":"vi"}]}},"jetpack_sharing_enabled":true,"_links":{"self":[{"href":"https:\/\/phukienxin.click\/index.php\/wp-json\/wp\/v2\/product\/359","targetHints":{"allow":["GET"]}}],"collection":[{"href":"https:\/\/phukienxin.click\/index.php\/wp-json\/wp\/v2\/product"}],"about":[{"href":"https:\/\/phukienxin.click\/index.php\/wp-json\/wp\/v2\/types\/product"}],"replies":[{"embeddable":true,"href":"https:\/\/phukienxin.click\/index.php\/wp-json\/wp\/v2\/comments?post=359"}],"wp:featuredmedia":[{"embeddable":true,"href":"https:\/\/phukienxin.click\/index.php\/wp-json\/wp\/v2\/media\/360"}],"wp:attachment":[{"href":"https:\/\/phukienxin.click\/index.php\/wp-json\/wp\/v2\/media?parent=359"}],"wp:term":[{"taxonomy":"product_brand","embeddable":true,"href":"https:\/\/phukienxin.click\/index.php\/wp-json\/wp\/v2\/product_brand?post=359"},{"taxonomy":"product_cat","embeddable":true,"href":"https:\/\/phukienxin.click\/index.php\/wp-json\/wp\/v2\/product_cat?post=359"},{"taxonomy":"product_tag","embeddable":true,"href":"https:\/\/phukienxin.click\/index.php\/wp-json\/wp\/v2\/product_tag?post=359"}],"curies":[{"name":"wp","href":"https:\/\/api.w.org\/{rel}","templated":true}]}}